{"id":1013,"date":"2010-06-07T13:35:54","date_gmt":"2010-06-07T11:35:54","guid":{"rendered":"http:\/\/www.clairebouilhac.com\/?page_id=1013"},"modified":"2021-05-12T15:25:48","modified_gmt":"2021-05-12T13:25:48","slug":"5%e2%80%a2-francis-blaireau-farceur","status":"publish","type":"page","link":"https:\/\/www.clairebouilhac.com\/?page_id=1013","title":{"rendered":"&#8211; Francis Blaireau Farceur"},"content":{"rendered":"<p><strong>\u2022 Bande dessin\u00e9e \u2022<\/strong><\/p>\n<p>8 albums aux \u00e9ditions CORN\u00c9LIUS<\/p>\n<p>Publication mensuelle dans FLUIDE GLACIAL<\/p>\n<p>Une ode \u00e0 la nature :<br \/>\nFrancis, blaireau m\u00e2le de forte taille et de caract\u00e8re impulsif,<br \/>\nse prom\u00e8ne dans la campagne.<br \/>\nLes cons\u00e9quences de cet acte inconsid\u00e9r\u00e9 sont toutes pr\u00e9sentes<br \/>\ndans 8 livres instructifs.<\/p>\n<p><a href=\"https:\/\/www.clairebouilhac.com\/wp-content\/uploads\/2010\/06\/Francis1.jpg\"><img loading=\"lazy\" class=\"alignnone size-thumbnail wp-image-5860\" src=\"https:\/\/www.clairebouilhac.com\/wp-content\/uploads\/2010\/06\/Francis1-150x150.jpg\" alt=\"Francis1\" width=\"150\" height=\"150\" \/><\/a>\u00a0<a href=\"https:\/\/www.clairebouilhac.com\/wp-content\/uploads\/2010\/06\/Francis2.jpg\"><img loading=\"lazy\" class=\"alignnone size-thumbnail wp-image-5861\" src=\"https:\/\/www.clairebouilhac.com\/wp-content\/uploads\/2010\/06\/Francis2-150x150.jpg\" alt=\"Francis2\" width=\"150\" height=\"150\" \/><\/a>\u00a0<a href=\"https:\/\/www.clairebouilhac.com\/wp-content\/uploads\/2010\/06\/Francis3.jpg\"><img loading=\"lazy\" class=\"alignnone size-thumbnail wp-image-5862\" src=\"https:\/\/www.clairebouilhac.com\/wp-content\/uploads\/2010\/06\/Francis3-150x150.jpg\" alt=\"Francis3\" width=\"150\" height=\"150\" \/><\/a>\u00a0<a href=\"https:\/\/www.clairebouilhac.com\/wp-content\/uploads\/2010\/06\/Francis4.jpg\"><img loading=\"lazy\" class=\"alignnone size-thumbnail wp-image-5863\" src=\"https:\/\/www.clairebouilhac.com\/wp-content\/uploads\/2010\/06\/Francis4-150x150.jpg\" alt=\"Francis4\" width=\"150\" height=\"150\" \/><\/a>\u00a0<a href=\"https:\/\/www.clairebouilhac.com\/wp-content\/uploads\/2010\/06\/Francis5.jpg\"><img loading=\"lazy\" class=\"alignnone size-thumbnail wp-image-5864\" src=\"https:\/\/www.clairebouilhac.com\/wp-content\/uploads\/2010\/06\/Francis5-150x150.jpg\" alt=\"Francis5\" width=\"150\" height=\"150\" \/><\/a>\u00a0<a href=\"https:\/\/www.clairebouilhac.com\/wp-content\/uploads\/2010\/06\/Francis6.jpg\"><img loading=\"lazy\" class=\"alignnone size-thumbnail wp-image-5865\" src=\"https:\/\/www.clairebouilhac.com\/wp-content\/uploads\/2010\/06\/Francis6-150x150.jpg\" alt=\"Francis6\" width=\"150\" height=\"150\" \/><\/a>\u00a0<a href=\"https:\/\/www.clairebouilhac.com\/wp-content\/uploads\/2010\/06\/Francis7.jpg\"><img loading=\"lazy\" class=\"alignnone size-thumbnail wp-image-5866\" src=\"https:\/\/www.clairebouilhac.com\/wp-content\/uploads\/2010\/06\/Francis7-150x150.jpg\" alt=\"Francis7\" width=\"150\" height=\"150\" \/> <img src=\"https:\/\/www.clairebouilhac.com\/wp-content\/uploads\/2021\/05\/Francis8-COUV-150x150.jpg\" alt=\"This image has an empty alt attribute; its file name is Francis8-COUV-150x150.jpg\" \/><\/a><\/p>\n<p>D\u00e9j\u00e0 un classique, l\u2019animal est n\u00e9 dans les pages de l\u2019obscure Sbr\u00f6dj Review.<br \/>\nSon destin, forc\u00e9ment farceur, a rencontr\u00e9 tr\u00e8s t\u00f4t<br \/>\ncelui de la collection Delphine aux \u00e9ditions CORN\u00c9LIUS.<\/p>\n<p>Et bien lui en a pris.<br \/>\nDix ans plus tard, le succ\u00e8s est imm\u00e9diat,<br \/>\net les adeptes de Francis se sont multipli\u00e9s comme des hamsters.<\/p>\n<p><iframe loading=\"lazy\" src=\"http:\/\/www.dailymotion.com\/embed\/video\/xa8ebn\" width=\"480\" height=\"276\" frameborder=\"0\"><\/iframe><br \/>\n<a href=\"http:\/\/www.dailymotion.com\/video\/xa8ebn_penelope-bagieu-francis-blaireau-fa_fun\" target=\"_blank\" rel=\"noopener noreferrer\">P\u00e9n\u00e9lope Bagieu \u00ab\u00a0Francis Blaireau Farceur\u00a0\u00bb<\/a><\/p>\n<p>Depuis octobre 2012, les <a href=\"http:\/\/www.hopedizioni.com\/home.html\" target=\"blank\" rel=\"noopener noreferrer\">\u00e9ditions HOP<\/a> ont traduit et \u00e9ditent Francis, le blaireau farceur.<\/p>\n<p><a href=\"http:\/\/www.francisblaireau.com\/wp-content\/uploads\/2012\/11\/hop-ed-page-francis.jpg\"><img loading=\"lazy\" class=\"alignnone size-full wp-image-467\" title=\"hop-ed-page-francis\" src=\"http:\/\/www.francisblaireau.com\/wp-content\/uploads\/2012\/11\/hop-ed-page-francis.jpg\" alt=\"hop-ed-page-francis\" width=\"500\" height=\"360\" \/><\/a><\/p>\n<p>Ils nous r\u00e9galent d&rsquo;un petit trailer \u00e0 visionner ci-dessous :<\/p>\n<p><iframe loading=\"lazy\" src=\"http:\/\/www.youtube.com\/embed\/xbKJ-F68_BM\" width=\"500\" height=\"300\" frameborder=\"0\"><\/iframe><\/p>\n<p>\u00c0 l&rsquo;heure qu&rsquo;il est, Claire BOUILHAC et Jake RAYNAL<br \/>\npoursuivent toujours leurs exp\u00e9riences sur les animaux \u2026<\/p>\n<p><img loading=\"lazy\" class=\"alignnone size-full wp-image-2278\" title=\"16-Francis 4\" src=\"https:\/\/www.clairebouilhac.com\/wp-content\/uploads\/2010\/06\/16-Francis-4.jpg\" alt=\"16-Francis 4\" width=\"407\" height=\"325\" srcset=\"https:\/\/www.clairebouilhac.com\/wp-content\/uploads\/2010\/06\/16-Francis-4.jpg 814w, https:\/\/www.clairebouilhac.com\/wp-content\/uploads\/2010\/06\/16-Francis-4-300x239.jpg 300w\" sizes=\"(max-width: 407px) 100vw, 407px\" \/><\/p>\n<p><img loading=\"lazy\" class=\"alignnone size-full wp-image-1026\" title=\"affiche\" src=\"https:\/\/www.clairebouilhac.com\/wp-content\/uploads\/2010\/06\/affiche.jpg\" alt=\"affiche\" width=\"203,5\" height=\"211,5\" srcset=\"https:\/\/www.clairebouilhac.com\/wp-content\/uploads\/2010\/06\/affiche.jpg 407w, https:\/\/www.clairebouilhac.com\/wp-content\/uploads\/2010\/06\/affiche-288x300.jpg 288w\" sizes=\"(max-width: 407px) 100vw, 407px\" \/><\/p>\n<p><a href=\"http:\/\/www.francisblaireau.com\" target=\"_blank\" rel=\"noopener noreferrer\"> le site de FRANCIS<\/a><\/p>\n<p><a href=\"http:\/\/www.cornelius.fr\" target=\"_blank\" rel=\"noopener noreferrer\"> le site des \u00e9ditions CORN\u00c9LIUS<\/a><\/p>\n<p><a href=\"http:\/\/www.hopedizioni.com\/home.html\" target=\"blank\" rel=\"noopener noreferrer\">le site des \u00e9ditions HOP<\/a><\/p>\n","protected":false},"excerpt":{"rendered":"<p>\u2022 Bande dessin\u00e9e \u2022 8 albums aux \u00e9ditions CORN\u00c9LIUS Publication mensuelle dans FLUIDE GLACIAL Une ode \u00e0 la nature : Francis, blaireau m\u00e2le de forte taille et de caract\u00e8re impulsif, se prom\u00e8ne dans la campagne. Les cons\u00e9quences de cet acte inconsid\u00e9r\u00e9 sont toutes pr\u00e9sentes dans 8 livres instructifs. \u00a0\u00a0\u00a0\u00a0\u00a0\u00a0 D\u00e9j\u00e0 un classique, l\u2019animal est n\u00e9 [&hellip;]<\/p>\n","protected":false},"author":1,"featured_media":0,"parent":1851,"menu_order":1,"comment_status":"open","ping_status":"open","template":"","meta":[],"aioseo_notices":[],"_links":{"self":[{"href":"https:\/\/www.clairebouilhac.com\/index.php?rest_route=\/wp\/v2\/pages\/1013"}],"collection":[{"href":"https:\/\/www.clairebouilhac.com\/index.php?rest_route=\/wp\/v2\/pages"}],"about":[{"href":"https:\/\/www.clairebouilhac.com\/index.php?rest_route=\/wp\/v2\/types\/page"}],"author":[{"embeddable":true,"href":"https:\/\/www.clairebouilhac.com\/index.php?rest_route=\/wp\/v2\/users\/1"}],"replies":[{"embeddable":true,"href":"https:\/\/www.clairebouilhac.com\/index.php?rest_route=%2Fwp%2Fv2%2Fcomments&post=1013"}],"version-history":[{"count":78,"href":"https:\/\/www.clairebouilhac.com\/index.php?rest_route=\/wp\/v2\/pages\/1013\/revisions"}],"predecessor-version":[{"id":7610,"href":"https:\/\/www.clairebouilhac.com\/index.php?rest_route=\/wp\/v2\/pages\/1013\/revisions\/7610"}],"up":[{"embeddable":true,"href":"https:\/\/www.clairebouilhac.com\/index.php?rest_route=\/wp\/v2\/pages\/1851"}],"wp:attachment":[{"href":"https:\/\/www.clairebouilhac.com\/index.php?rest_route=%2Fwp%2Fv2%2Fmedia&parent=1013"}],"curies":[{"name":"wp","href":"https:\/\/api.w.org\/{rel}","templated":true}]}}