{"id":2,"date":"2009-04-05T19:31:55","date_gmt":"2009-04-05T17:31:55","guid":{"rendered":"http:\/\/www.clairebouilhac.com\/?page_id=2"},"modified":"2021-06-22T09:25:12","modified_gmt":"2021-06-22T07:25:12","slug":"a-propos","status":"publish","type":"page","link":"https:\/\/www.clairebouilhac.com\/?page_id=2","title":{"rendered":"<STRONG>\u2730 BIO<\/STRONG>"},"content":{"rendered":"<p><img loading=\"lazy\" class=\" size-full wp-image-3915 aligncenter\" title=\"AA_claire BOUILHAC\" src=\"https:\/\/www.clairebouilhac.com\/wp-content\/uploads\/2009\/04\/AA_claire-BOUILHAC.jpg\" alt=\"\" width=\"500\" height=\"333\" srcset=\"https:\/\/www.clairebouilhac.com\/wp-content\/uploads\/2009\/04\/AA_claire-BOUILHAC.jpg 500w, https:\/\/www.clairebouilhac.com\/wp-content\/uploads\/2009\/04\/AA_claire-BOUILHAC-300x199.jpg 300w\" sizes=\"(max-width: 500px) 100vw, 500px\" \/><\/p>\n<p style=\"text-align: justify;\">Form\u00e9e aux arts appliqu\u00e9s et au dessin d&rsquo;animation, Claire BOUILHAC accompagne les d\u00e9buts des \u00e9ditions <a href=\"http:\/\/www.cornelius.fr\/\" target=\"_blank\" rel=\"noopener noreferrer\">CORN\u00c9LIUS<\/a> en cr\u00e9ant d\u00e8s 1994 le personnage de <a href=\"https:\/\/www.clairebouilhac.com\/?page_id=1013\" target=\"_blank\" rel=\"noopener noreferrer\"><strong>FRANCIS BLAIREAU FARCEUR<\/strong> <\/a>avec <a href=\"http:\/\/www.jakeraynal.com\/\" target=\"_blank\" rel=\"noopener noreferrer\">Jake RAYNAL <\/a>au sc\u00e9nario.\u00a0Huit albums ont \u00e9t\u00e9 publi\u00e9s \u00e0 ce jour.\u00a0Toujours avec Jake Raynal au sc\u00e9nario, elle est la premi\u00e8re dessinatrice \u00e0 int\u00e9grer\u00a0<a href=\"http:\/\/www.fluideglacial.com\/auteurs\/index.php?id_auteurs=10\" target=\"_blank\" rel=\"noopener noreferrer\">l\u2019\u00e9quipe du mensuel <strong>FLUIDE GLACIAL<\/strong><\/a>,\u00a0pour lequel les deux complices signent\u00a0les exploits d\u2019une flamboyante espionne rousse, <a href=\"https:\/\/www.clairebouilhac.com\/?page_id=70\" target=\"_blank\" rel=\"noopener noreferrer\"><strong>MELODY BONDAGE<\/strong>,<\/a>\u00a0qui donneront\u00a0lieu en <strong>2003<\/strong> \u00e0 l\u2019album <strong>My Name is Bondage<\/strong>.<\/p>\n<p style=\"text-align: justify;\">Dans les pages de FLUIDE, Claire collabore \u00e9galement\u00a0avec <a href=\"http:\/\/www.dargaud.com\/bd\/Auteurs\/Ferri-Jean-Yves\" target=\"_blank\" rel=\"noopener noreferrer\">Jean-Yves FERRI<\/a>, Vincent HAUDIQUET, <a href=\"http:\/\/cam-hill.blogspot.fr\/\" target=\"_blank\" rel=\"noopener noreferrer\">Camille BURGER<\/a>, <a href=\"https:\/\/twitter.com\/GrosPascal?ref_src=twsrc%5Egoogle%7Ctwcamp%5Eserp%7Ctwgr%5Eauthor\" target=\"_blank\" rel=\"noopener noreferrer\">Pascal GROS<\/a>\u2026 , et r\u00e9alise aussi plusieurs histoires en solo.<\/p>\n<p style=\"text-align: justify;\">En <strong>2007<\/strong>, elle rejoint l\u2019\u00e9quipe de\u00a0<strong><a href=\"http:\/\/www.spirou.com\/spirou\/accueil.php\" target=\"_blank\" rel=\"noopener noreferrer\">SPIROU<\/a><\/strong> o\u00f9 elle anime\u00a0sous forme de strips les aventures d&rsquo;une petite fille dot\u00e9e d&rsquo;un myst\u00e9rieux pouvoir, <strong><a href=\"https:\/\/www.clairebouilhac.com\/?page_id=66\" target=\"_blank\" rel=\"noopener noreferrer\">MAUD MUTANTE<\/a><\/strong>.<\/p>\n<p>En <strong>2009<\/strong>, elle illustre <strong>L\u2019antimanuel de psychologie <\/strong>(\u00e9d. Br\u00e9al)\u00a0du psychiatre <a href=\"https:\/\/fr.wikipedia.org\/wiki\/Serge_Hefez\" target=\"_blank\" rel=\"noopener noreferrer\">Serge Hefez<\/a>.<\/p>\n<p>Cette m\u00eame ann\u00e9e, en collaboration avec <a href=\"http:\/\/www.catel-m.com\/\" target=\"_blank\" rel=\"noopener noreferrer\">Catel MULLER<\/a>,\u00a0et l\u2019historienne <strong>Emmanuelle Polack<\/strong>,\u00a0Claire cosigne pour les \u00e9ditions <a href=\"http:\/\/www.dupuis.com\/catalogue\/FR\/al\/19644\/rose_valland_capitaine_beaux-arts.html\" target=\"_blank\" rel=\"noopener noreferrer\">Dupuis<\/a>, le sc\u00e9nario et les dessins de <strong><a href=\"https:\/\/www.clairebouilhac.com\/?page_id=1638\" target=\"_blank\" rel=\"noopener noreferrer\">ROSE VALLAND, capitaine Beaux-Arts<\/a><\/strong>, l\u2019historienne qui sauva les oeuvres d\u2019art vol\u00e9es\u00a0\u00e0 Paris par les nazis.<\/p>\n<p>L\u2019ann\u00e9e suivante, toujours avec Catel, mais dans le registre enfantin, Claire cosc\u00e9narise\u00a0la s\u00e9rie<strong> <a href=\"https:\/\/www.clairebouilhac.com\/?page_id=1265\" target=\"_blank\" rel=\"noopener noreferrer\"> TOP LINOTTE<\/a> <\/strong>pr\u00e9-publi\u00e9e dans le magazine\u00a0<a href=\"http:\/\/www.nxtbook.fr\/newpress\/Fleurus-Presse\/Les_ptites_Sorcieres-1205-141\/index.php?startid=98\" target=\"_blank\" rel=\"noopener noreferrer\">les p&rsquo;tites sorci\u00e8res chez\u00a0FLEURUS<\/a>\u00a0puis recueillie en trois volumes par <a href=\"http:\/\/www.dupuis.com\/auteurbd\/bouilhac\/1267\" target=\"_blank\" rel=\"noopener noreferrer\">\u00a0DUPUIS<\/a>.<\/p>\n<p style=\"text-align: justify;\">En 2015, Claire, Catel et\u00a0<a href=\"http:\/\/www.mylene-demongeot.fr\/\" target=\"_blank\" rel=\"noopener noreferrer\">Myl\u00e8ne DEMONGEOT<\/a>, racontent la vie \u00e9tonnante de la m\u00e8re de la c\u00e9l\u00e8bre actrice, dans\u00a0un album \u00e0 la narration inventive, <strong><a href=\"https:\/\/www.clairebouilhac.com\/?page_id=2058\" target=\"_blank\" rel=\"noopener noreferrer\">ADIEU KHARKOV<\/a><\/strong>,\u00a0Collection <a href=\"http:\/\/www.dupuis.com\/seriebd\/adieu-kharkov\/10030\" target=\"_blank\" rel=\"noopener noreferrer\">AIRE LIBRE<\/a> aux\u00a0<a href=\"http:\/\/www.dupuis.com\/auteurbd\/bouilhac\/1267\" target=\"_blank\" rel=\"noopener noreferrer\">\u00e9ditions DUPUIS<\/a>.<\/p>\n<p style=\"text-align: justify;\">EN 2019, Claire et Catel publient l&rsquo;adaptation de <strong><a href=\"https:\/\/www.clairebouilhac.com\/?page_id=4907\" target=\"_blank\" rel=\"noopener noreferrer\">LA PRINCESSE DE CL\u00c8VES\u00a0<\/a><\/strong>aux\u00a0<a href=\"http:\/\/www.dargaud.com\/\" target=\"_blank\" rel=\"noopener noreferrer\">\u00e9ditions DARGAUD<\/a>.\u00a0La d\u00e9licate adaptation sc\u00e9naristique a \u00e9t\u00e9 r\u00e9alis\u00e9e \u00e0 quatre mains.\u00a0Claire BOUILHAC a dessin\u00e9 l&rsquo;adaptation du roman, et Catel MULLER\u00a0a illustr\u00e9 un prologue et un \u00e9pilogue contexttualisant l&rsquo;\u0153uvre dans la vie de <strong>Marie-Madeleine de La Fayette<\/strong>. .<\/p>\n<p style=\"text-align: justify;\">Actuellement les deux autrices pr\u00e9parent une adaptation de <strong><a href=\"https:\/\/www.clairebouilhac.com\/?page_id=7244\" target=\"_blank\" rel=\"noopener noreferrer\">INDIANA<\/a><\/strong>, de <b>Georges SAND,<\/b> un album \u00e0 para\u00eetre aux <a href=\"http:\/\/www.dargaud.com\/\" target=\"_blank\" rel=\"noopener noreferrer\">\u00e9ditions DARGAUD<\/a>.<\/p>\n<p style=\"text-align: justify;\">\u00a0<a href=\"https:\/\/www.clairebouilhac.com\/wp-content\/uploads\/2009\/04\/claire-bouilhac-8-e1532973966363.jpg\"><img loading=\"lazy\" class=\"alignnone size-full wp-image-6580\" src=\"https:\/\/www.clairebouilhac.com\/wp-content\/uploads\/2009\/04\/claire-bouilhac-8-e1532973966363.jpg\" alt=\"claire-bouilhac-8\" width=\"500\" height=\"750\" \/><\/a>photo<\/p>\n<p style=\"text-align: justify;\">\u00a9<a href=\"http:\/\/chloevollmerlo.net\/photo\/\" target=\"_blank\" rel=\"noopener noreferrer\">Chlo\u00e9 Volmer-Lo<\/a><\/p>\n<p>De 2009 \u00e0 2018, Claire BOUILHAC a illustr\u00e9 chaque semaine <a href=\"https:\/\/www.clairebouilhac.com\/?page_id=1111\" target=\"_blank\" rel=\"noopener noreferrer\">le th\u00e8me <\/a>du magazine <a href=\"http:\/\/weekend.levif.be\/tendance\/lifestyle\/le-trait\/le-trait-de-claire-bouilhac\/album-1195041117232.htm\" target=\"_blank\" rel=\"noopener noreferrer\">LE VIF LE WEEK-END.<\/a><\/p>\n<p><a href=\"https:\/\/www.instagram.com\/clairebouilhac\/\" target=\"_blank\" rel=\"noopener noreferrer\"><img loading=\"lazy\" class=\"nr qu dz t u il ak iu\" src=\"https:\/\/miro.medium.com\/max\/1600\/1*VpavtRh-UsRzTpn3lnDXiQ.jpeg\" alt=\"\" width=\"50\" height=\"35\" \/><\/a><br \/>\n<a href=\"https:\/\/www.instagram.com\/clairebouilhac\/\" target=\"_blank\" rel=\"noopener noreferrer\">https:\/\/www.instagram.com\/clairebouilhac\/<\/a><\/p>\n","protected":false},"excerpt":{"rendered":"<p>Form\u00e9e aux arts appliqu\u00e9s et au dessin d&rsquo;animation, Claire BOUILHAC accompagne les d\u00e9buts des \u00e9ditions CORN\u00c9LIUS en cr\u00e9ant d\u00e8s 1994 le personnage de FRANCIS BLAIREAU FARCEUR avec Jake RAYNAL au sc\u00e9nario.\u00a0Huit albums ont \u00e9t\u00e9 publi\u00e9s \u00e0 ce jour.\u00a0Toujours avec Jake Raynal au sc\u00e9nario, elle est la premi\u00e8re dessinatrice \u00e0 int\u00e9grer\u00a0l\u2019\u00e9quipe du mensuel FLUIDE GLACIAL,\u00a0pour lequel [&hellip;]<\/p>\n","protected":false},"author":1,"featured_media":0,"parent":0,"menu_order":1,"comment_status":"open","ping_status":"open","template":"","meta":[],"aioseo_notices":[],"_links":{"self":[{"href":"https:\/\/www.clairebouilhac.com\/index.php?rest_route=\/wp\/v2\/pages\/2"}],"collection":[{"href":"https:\/\/www.clairebouilhac.com\/index.php?rest_route=\/wp\/v2\/pages"}],"about":[{"href":"https:\/\/www.clairebouilhac.com\/index.php?rest_route=\/wp\/v2\/types\/page"}],"author":[{"embeddable":true,"href":"https:\/\/www.clairebouilhac.com\/index.php?rest_route=\/wp\/v2\/users\/1"}],"replies":[{"embeddable":true,"href":"https:\/\/www.clairebouilhac.com\/index.php?rest_route=%2Fwp%2Fv2%2Fcomments&post=2"}],"version-history":[{"count":98,"href":"https:\/\/www.clairebouilhac.com\/index.php?rest_route=\/wp\/v2\/pages\/2\/revisions"}],"predecessor-version":[{"id":7623,"href":"https:\/\/www.clairebouilhac.com\/index.php?rest_route=\/wp\/v2\/pages\/2\/revisions\/7623"}],"wp:attachment":[{"href":"https:\/\/www.clairebouilhac.com\/index.php?rest_route=%2Fwp%2Fv2%2Fmedia&parent=2"}],"curies":[{"name":"wp","href":"https:\/\/api.w.org\/{rel}","templated":true}]}}