{"id":2462,"date":"2011-09-05T11:59:34","date_gmt":"2011-09-05T09:59:34","guid":{"rendered":"http:\/\/www.clairebouilhac.com\/?page_id=2462"},"modified":"2011-09-05T12:51:12","modified_gmt":"2011-09-05T10:51:12","slug":"%e2%80%a2-festivals","status":"publish","type":"page","link":"https:\/\/www.clairebouilhac.com\/?page_id=2462","title":{"rendered":"\u2022 festivals, galeries"},"content":{"rendered":"<p>    * \u2022 <a href=\"http:\/\/www.bulleszik.com\/\"target=\"blank\">Bulles Zik<\/a><br \/>\n    * \u2022 <a href=\"http:\/\/les.riboulesdingues.free.fr\/\"target=\"blank\">Burzet<\/a><\/p>\n<p>    * \u2022 <a href=\"http:\/\/www.coconino-world.com\/mng_world.htm\"target=\"blank\">Coconino<\/a><br \/>\n    * \u2022 <a href=\"http:\/\/www.arludik.com\/\"target=\"blank\">Galerie Arludik<\/a><\/p>\n<p>\u2022\u2022\u2022\u2022\u2022\u2022\u2022\u2022\u2022\u2022\u2022\u2022\u2022\u2022\u2022\u2022\u2022\u2022\u2022\u2022\u2022\u2022\u2022\u2022\u2022\u2022\u2022\u2022\u2022\u2022\u2022\u2022\u2022\u2022\u2022\u2022\u2022\u2022\u2022\u2022\u2022\u2022\u2022\u2022\u2022\u2022\u2022\u2022\u2022\u2022\u2022\u2022\u2022\u2022\u2022\u2022\u2022\u2022\u2022\u2022\u2022\u2022\u2022\u2022\u2022\u2022\u2022\u2022\u2022\u2022\u2022\u2022\u2022\u2022\u2022\u2022\u2022\u2022\u2022\u2022\u2022\u2022\u2022\u2022\u2022\u2022\u2022\u2022\u2022<\/p>\n<p><a href=\"https:\/\/www.clairebouilhac.com\/liens-de-claire\/\">LIENS bandes dessin\u00e9es, litt\u00e9rature<\/a><br \/>\n<a href=\"https:\/\/www.clairebouilhac.com\/edition-supports-de-presse\/\">LIENS \u00e9dition-supports-de-presse<\/a><br \/>\n<a href=\"https:\/\/www.clairebouilhac.com\/%E2%80%A2-peinture-dessin-anim\/\">LIENS peinture, dessin, anim<\/a><br \/>\n<a href=\"https:\/\/www.clairebouilhac.com\/%E2%80%A2-mode\/\">LIENS mode, archi, sculpture, graphisme<\/a><br \/>\n<a href=\"https:\/\/www.clairebouilhac.com\/%E2%80%A2-galeries\/\">LIENS musique, et inclassables<\/a><\/p>\n","protected":false},"excerpt":{"rendered":"<p>* \u2022 Bulles Zik * \u2022 Burzet * \u2022 Coconino * \u2022 Galerie Arludik \u2022\u2022\u2022\u2022\u2022\u2022\u2022\u2022\u2022\u2022\u2022\u2022\u2022\u2022\u2022\u2022\u2022\u2022\u2022\u2022\u2022\u2022\u2022\u2022\u2022\u2022\u2022\u2022\u2022\u2022\u2022\u2022\u2022\u2022\u2022\u2022\u2022\u2022\u2022\u2022\u2022\u2022\u2022\u2022\u2022\u2022\u2022\u2022\u2022\u2022\u2022\u2022\u2022\u2022\u2022\u2022\u2022\u2022\u2022\u2022\u2022\u2022\u2022\u2022\u2022\u2022\u2022\u2022\u2022\u2022\u2022\u2022\u2022\u2022\u2022\u2022\u2022\u2022\u2022\u2022\u2022\u2022\u2022\u2022\u2022\u2022\u2022\u2022\u2022 LIENS bandes dessin\u00e9es, litt\u00e9rature LIENS \u00e9dition-supports-de-presse LIENS peinture, dessin, anim LIENS mode, archi, sculpture, graphisme LIENS musique, et inclassables<\/p>\n","protected":false},"author":1,"featured_media":0,"parent":0,"menu_order":3,"comment_status":"open","ping_status":"open","template":"","meta":{"footnotes":""},"class_list":["post-2462","page","type-page","status-publish","hentry"],"aioseo_notices":[],"_links":{"self":[{"href":"https:\/\/www.clairebouilhac.com\/index.php?rest_route=\/wp\/v2\/pages\/2462","targetHints":{"allow":["GET"]}}],"collection":[{"href":"https:\/\/www.clairebouilhac.com\/index.php?rest_route=\/wp\/v2\/pages"}],"about":[{"href":"https:\/\/www.clairebouilhac.com\/index.php?rest_route=\/wp\/v2\/types\/page"}],"author":[{"embeddable":true,"href":"https:\/\/www.clairebouilhac.com\/index.php?rest_route=\/wp\/v2\/users\/1"}],"replies":[{"embeddable":true,"href":"https:\/\/www.clairebouilhac.com\/index.php?rest_route=%2Fwp%2Fv2%2Fcomments&post=2462"}],"version-history":[{"count":5,"href":"https:\/\/www.clairebouilhac.com\/index.php?rest_route=\/wp\/v2\/pages\/2462\/revisions"}],"predecessor-version":[{"id":2497,"href":"https:\/\/www.clairebouilhac.com\/index.php?rest_route=\/wp\/v2\/pages\/2462\/revisions\/2497"}],"wp:attachment":[{"href":"https:\/\/www.clairebouilhac.com\/index.php?rest_route=%2Fwp%2Fv2%2Fmedia&parent=2462"}],"curies":[{"name":"wp","href":"https:\/\/api.w.org\/{rel}","templated":true}]}}