{"id":2468,"date":"2011-09-05T12:11:36","date_gmt":"2011-09-05T10:11:36","guid":{"rendered":"http:\/\/www.clairebouilhac.com\/?page_id=2468"},"modified":"2011-09-05T12:51:38","modified_gmt":"2011-09-05T10:51:38","slug":"%e2%80%a2-peinture-dessin-anim","status":"publish","type":"page","link":"https:\/\/www.clairebouilhac.com\/?page_id=2468","title":{"rendered":"\u2022 peinture, dessin, anim"},"content":{"rendered":"<p>    * \u2022 <a href=\"http:\/\/www.catherine-barbaro.book.fr\/\"target=\"blank\">Catherine Barbaro<\/a><br \/>\n    * \u2022 <a href=\"http:\/\/www.vivelapeinture.com\/retel_peintures.html\"target=\"blank\">Christine Retel<\/a><br \/>\n    * \u2022 <a href=\"http:\/\/trufart.com\/blog\/actualite\/\"target=\"blank\">Damien Truffaut<\/a><br \/>\n    * \u2022 <a href=\"http:\/\/davidgilson.blogspot.com\/\"target=\"blank\">David Gilson<\/a><br \/>\n    * \u2022 <a href=\"http:\/\/diaryofinhumanspecies.com\/WordPress\/\"target=\"blank\">Diary of inhuman species<\/a><br \/>\n    * \u2022 <a href=\"http:\/\/g.lemaux.free.fr\/\"target=\"blank\">G\u00e9rard Lemaux<\/a><br \/>\n    * \u2022 <a href=\"http:\/\/www.stholl.com\/\"target=\"blank\">Jean-Pierre Stholl<\/a><br \/>\n    * \u2022 <a href=\"http:\/\/mibart.blogspot.com\/\"target=\"blank\">Michelle Kadiri<\/a><br \/>\n    * \u2022 <a href=\"http:\/\/sandrinestoianov.blogspot.com\/search\/label\/Carte%20naissance\"target=\"blank\">Sandrine Sto\u00efanov<\/a><br \/>\n    * \u2022 <a href=\"http:\/\/marisa-musy.blogspot.com\/\"target=\"blank\">Zaza Muzy<\/a><br \/>\n    * \u2022 <a href=\"http:\/\/szewc-zyk.blogspot.com\/\"target=\"blank\">Zyk<\/a><\/p>\n<p>\u2022\u2022\u2022\u2022\u2022\u2022\u2022\u2022\u2022\u2022\u2022\u2022\u2022\u2022\u2022\u2022\u2022\u2022\u2022\u2022\u2022\u2022\u2022\u2022\u2022\u2022\u2022\u2022\u2022\u2022\u2022\u2022\u2022\u2022\u2022\u2022\u2022\u2022\u2022\u2022\u2022\u2022\u2022\u2022\u2022\u2022\u2022\u2022\u2022\u2022\u2022\u2022\u2022\u2022\u2022\u2022\u2022\u2022\u2022\u2022\u2022\u2022\u2022\u2022\u2022\u2022\u2022\u2022\u2022\u2022\u2022\u2022\u2022\u2022\u2022\u2022\u2022\u2022\u2022\u2022\u2022\u2022\u2022\u2022\u2022\u2022\u2022\u2022\u2022<\/p>\n<p><a href=\"https:\/\/www.clairebouilhac.com\/liens-de-claire\/\">LIENS bandes dessin\u00e9es, litt\u00e9rature<\/a><br \/>\n<a href=\"https:\/\/www.clairebouilhac.com\/edition-supports-de-presse\/\">LIENS \u00e9dition-supports-de-presse<\/a><br \/>\n<a href=\"https:\/\/www.clairebouilhac.com\/%E2%80%A2-festivals\/\">LIENS festivals, galeries<\/a><br \/>\n<a href=\"https:\/\/www.clairebouilhac.com\/%E2%80%A2-mode\/\">LIENS mode, archi, sculpture, graphisme<\/a><br \/>\n<a href=\"https:\/\/www.clairebouilhac.com\/%E2%80%A2-galeries\/\">LIENS musique, et inclassables<\/a><\/p>\n","protected":false},"excerpt":{"rendered":"<p>* \u2022 Catherine Barbaro * \u2022 Christine Retel * \u2022 Damien Truffaut * \u2022 David Gilson * \u2022 Diary of inhuman species * \u2022 G\u00e9rard Lemaux * \u2022 Jean-Pierre Stholl * \u2022 Michelle Kadiri * \u2022 Sandrine Sto\u00efanov * \u2022 Zaza Muzy * \u2022 Zyk \u2022\u2022\u2022\u2022\u2022\u2022\u2022\u2022\u2022\u2022\u2022\u2022\u2022\u2022\u2022\u2022\u2022\u2022\u2022\u2022\u2022\u2022\u2022\u2022\u2022\u2022\u2022\u2022\u2022\u2022\u2022\u2022\u2022\u2022\u2022\u2022\u2022\u2022\u2022\u2022\u2022\u2022\u2022\u2022\u2022\u2022\u2022\u2022\u2022\u2022\u2022\u2022\u2022\u2022\u2022\u2022\u2022\u2022\u2022\u2022\u2022\u2022\u2022\u2022\u2022\u2022\u2022\u2022\u2022\u2022\u2022\u2022\u2022\u2022\u2022\u2022\u2022\u2022\u2022\u2022\u2022\u2022\u2022\u2022\u2022\u2022\u2022\u2022\u2022 LIENS bandes dessin\u00e9es, litt\u00e9rature LIENS \u00e9dition-supports-de-presse LIENS festivals, galeries [&hellip;]<\/p>\n","protected":false},"author":1,"featured_media":0,"parent":0,"menu_order":4,"comment_status":"open","ping_status":"open","template":"","meta":{"footnotes":""},"class_list":["post-2468","page","type-page","status-publish","hentry"],"aioseo_notices":[],"_links":{"self":[{"href":"https:\/\/www.clairebouilhac.com\/index.php?rest_route=\/wp\/v2\/pages\/2468","targetHints":{"allow":["GET"]}}],"collection":[{"href":"https:\/\/www.clairebouilhac.com\/index.php?rest_route=\/wp\/v2\/pages"}],"about":[{"href":"https:\/\/www.clairebouilhac.com\/index.php?rest_route=\/wp\/v2\/types\/page"}],"author":[{"embeddable":true,"href":"https:\/\/www.clairebouilhac.com\/index.php?rest_route=\/wp\/v2\/users\/1"}],"replies":[{"embeddable":true,"href":"https:\/\/www.clairebouilhac.com\/index.php?rest_route=%2Fwp%2Fv2%2Fcomments&post=2468"}],"version-history":[{"count":5,"href":"https:\/\/www.clairebouilhac.com\/index.php?rest_route=\/wp\/v2\/pages\/2468\/revisions"}],"predecessor-version":[{"id":2498,"href":"https:\/\/www.clairebouilhac.com\/index.php?rest_route=\/wp\/v2\/pages\/2468\/revisions\/2498"}],"wp:attachment":[{"href":"https:\/\/www.clairebouilhac.com\/index.php?rest_route=%2Fwp%2Fv2%2Fmedia&parent=2468"}],"curies":[{"name":"wp","href":"https:\/\/api.w.org\/{rel}","templated":true}]}}