{"id":269,"date":"2009-07-14T18:55:27","date_gmt":"2009-07-14T16:55:27","guid":{"rendered":"http:\/\/www.clairebouilhac.com\/?page_id=269"},"modified":"2015-12-30T17:13:02","modified_gmt":"2015-12-30T16:13:02","slug":"la-tonkinoise-a-paris","status":"publish","type":"page","link":"https:\/\/www.clairebouilhac.com\/?page_id=269","title":{"rendered":"\u2022 La tonkinoise \u00e0 Paris"},"content":{"rendered":"<p><em><strong>\u2022 Graphisme \u2022<\/strong><\/em><\/p>\n<p>Bijoux de cr\u00e9atrice<\/p>\n<p>Identit\u00e9 visuelle de LA TONKINOISE \u00c0 PARIS,<br \/>\ntr\u00e8s beaux bijoux pi\u00e8ces uniques et petites s\u00e9ries<br \/>\nde la cr\u00e9atrice Chantal Manoukian.<\/p>\n<p>&nbsp;<\/p>\n<p><a href=\"http:\/\/latonkinoiseaparis.com\" target=\"_blank\"><br \/>\nle site de la tonkinoise \u00e0 paris<\/a><\/p>\n<p>&nbsp;<\/p>\n<p><a href=\"https:\/\/www.clairebouilhac.com\/wp-content\/uploads\/2009\/07\/carte-poup\u00e9e-tourne-15-def.gif\"><img loading=\"lazy\" class=\"alignnone size-full wp-image-4931\" src=\"https:\/\/www.clairebouilhac.com\/wp-content\/uploads\/2009\/07\/carte-poup\u00e9e-tourne-15-def.gif\" alt=\"carte-poup\u00e9e-tourne-15-def\" width=\"500\" height=\"674\" \/><\/a><\/p>\n<p>CLIQUEZ SUR L&rsquo;IMAGE POUR LA VOIR EN ENTIER,<br \/>\nPUIS DE NOUVEAU POUR LA VOIR EN GRAND.<\/p>\n<p>&nbsp;<\/p>\n\n\t\t<style type=\"text\/css\">\n\t\t\t#gallery-1 {\n\t\t\t\tmargin: auto;\n\t\t\t}\n\t\t\t#gallery-1 .gallery-item {\n\t\t\t\tfloat: left;\n\t\t\t\tmargin-top: 10px;\n\t\t\t\ttext-align: center;\n\t\t\t\twidth: 33%;\n\t\t\t}\n\t\t\t#gallery-1 img {\n\t\t\t\tborder: 2px solid #cfcfcf;\n\t\t\t}\n\t\t\t#gallery-1 .gallery-caption {\n\t\t\t\tmargin-left: 0;\n\t\t\t}\n\t\t\t\/* see gallery_shortcode() in wp-includes\/media.php *\/\n\t\t<\/style>\n\t\t<div id='gallery-1' class='gallery galleryid-269 gallery-columns-3 gallery-size-thumbnail'><dl class='gallery-item'>\n\t\t\t<dt class='gallery-icon portrait'>\n\t\t\t\t<a href='https:\/\/www.clairebouilhac.com\/?attachment_id=279'><img width=\"150\" height=\"150\" src=\"https:\/\/www.clairebouilhac.com\/wp-content\/uploads\/2009\/07\/logo1-150x150.jpg\" class=\"attachment-thumbnail size-thumbnail\" alt=\"\" loading=\"lazy\" \/><\/a>\n\t\t\t<\/dt><\/dl><dl class='gallery-item'>\n\t\t\t<dt class='gallery-icon landscape'>\n\t\t\t\t<a href='https:\/\/www.clairebouilhac.com\/?attachment_id=2698'><img width=\"150\" height=\"150\" src=\"https:\/\/www.clairebouilhac.com\/wp-content\/uploads\/2009\/07\/LATONKI-poupee-2012-150x150.jpg\" class=\"attachment-thumbnail size-thumbnail\" alt=\"\" loading=\"lazy\" \/><\/a>\n\t\t\t<\/dt><\/dl><dl class='gallery-item'>\n\t\t\t<dt class='gallery-icon landscape'>\n\t\t\t\t<a href='https:\/\/www.clairebouilhac.com\/?attachment_id=2699'><img width=\"150\" height=\"150\" src=\"https:\/\/www.clairebouilhac.com\/wp-content\/uploads\/2009\/07\/d\u00e9pliant-latonki-12-150x150.jpg\" class=\"attachment-thumbnail size-thumbnail\" alt=\"\" loading=\"lazy\" \/><\/a>\n\t\t\t<\/dt><\/dl><br style=\"clear: both\" \/><dl class='gallery-item'>\n\t\t\t<dt class='gallery-icon landscape'>\n\t\t\t\t<a href='https:\/\/www.clairebouilhac.com\/?attachment_id=2700'><img width=\"150\" height=\"150\" src=\"https:\/\/www.clairebouilhac.com\/wp-content\/uploads\/2009\/07\/LATONKIcatalogue-2012-1-150x150.jpg\" class=\"attachment-thumbnail size-thumbnail\" alt=\"\" loading=\"lazy\" \/><\/a>\n\t\t\t<\/dt><\/dl><dl class='gallery-item'>\n\t\t\t<dt class='gallery-icon landscape'>\n\t\t\t\t<a href='https:\/\/www.clairebouilhac.com\/?attachment_id=2701'><img width=\"150\" height=\"150\" src=\"https:\/\/www.clairebouilhac.com\/wp-content\/uploads\/2009\/07\/LATONKIcatalogue-2012-4-150x150.jpg\" class=\"attachment-thumbnail size-thumbnail\" alt=\"\" loading=\"lazy\" \/><\/a>\n\t\t\t<\/dt><\/dl><dl class='gallery-item'>\n\t\t\t<dt class='gallery-icon landscape'>\n\t\t\t\t<a href='https:\/\/www.clairebouilhac.com\/?attachment_id=2702'><img width=\"150\" height=\"150\" src=\"https:\/\/www.clairebouilhac.com\/wp-content\/uploads\/2009\/07\/LATONKIcatalogue-2012-8-150x150.jpg\" class=\"attachment-thumbnail size-thumbnail\" alt=\"\" loading=\"lazy\" \/><\/a>\n\t\t\t<\/dt><\/dl><br style=\"clear: both\" \/><dl class='gallery-item'>\n\t\t\t<dt class='gallery-icon landscape'>\n\t\t\t\t<a href='https:\/\/www.clairebouilhac.com\/?attachment_id=2704'><img width=\"150\" height=\"150\" src=\"https:\/\/www.clairebouilhac.com\/wp-content\/uploads\/2009\/07\/LATONKI-ventesMARS12-150x150.jpg\" class=\"attachment-thumbnail size-thumbnail\" alt=\"\" loading=\"lazy\" \/><\/a>\n\t\t\t<\/dt><\/dl><dl class='gallery-item'>\n\t\t\t<dt class='gallery-icon portrait'>\n\t\t\t\t<a href='https:\/\/www.clairebouilhac.com\/?attachment_id=2705'><img width=\"150\" height=\"150\" src=\"https:\/\/www.clairebouilhac.com\/wp-content\/uploads\/2009\/07\/LATONKI-1ere-class-HIV12-150x150.jpg\" class=\"attachment-thumbnail size-thumbnail\" alt=\"\" loading=\"lazy\" \/><\/a>\n\t\t\t<\/dt><\/dl><dl class='gallery-item'>\n\t\t\t<dt class='gallery-icon landscape'>\n\t\t\t\t<a href='https:\/\/www.clairebouilhac.com\/?attachment_id=2708'><img width=\"150\" height=\"150\" src=\"https:\/\/www.clairebouilhac.com\/wp-content\/uploads\/2009\/07\/carte-postale-LATONKI-12-1-150x150.jpg\" class=\"attachment-thumbnail size-thumbnail\" alt=\"\" loading=\"lazy\" \/><\/a>\n\t\t\t<\/dt><\/dl><br style=\"clear: both\" \/><dl class='gallery-item'>\n\t\t\t<dt class='gallery-icon landscape'>\n\t\t\t\t<a href='https:\/\/www.clairebouilhac.com\/?attachment_id=2709'><img width=\"150\" height=\"150\" src=\"https:\/\/www.clairebouilhac.com\/wp-content\/uploads\/2009\/07\/carte-postale-LATONKI-12-2-150x150.jpg\" class=\"attachment-thumbnail size-thumbnail\" alt=\"\" loading=\"lazy\" \/><\/a>\n\t\t\t<\/dt><\/dl><dl class='gallery-item'>\n\t\t\t<dt class='gallery-icon portrait'>\n\t\t\t\t<a href='https:\/\/www.clairebouilhac.com\/?attachment_id=2914'><img width=\"150\" height=\"150\" src=\"https:\/\/www.clairebouilhac.com\/wp-content\/uploads\/2009\/07\/LATONKINOISE-invit-1ere-classe-ete-13-1-150x150.jpg\" class=\"attachment-thumbnail size-thumbnail\" alt=\"\" loading=\"lazy\" \/><\/a>\n\t\t\t<\/dt><\/dl><dl class='gallery-item'>\n\t\t\t<dt class='gallery-icon portrait'>\n\t\t\t\t<a href='https:\/\/www.clairebouilhac.com\/?attachment_id=2915'><img width=\"150\" height=\"150\" src=\"https:\/\/www.clairebouilhac.com\/wp-content\/uploads\/2009\/07\/LATONKINOISE-invit-1ere-classe-ete-13-2-150x150.jpg\" class=\"attachment-thumbnail size-thumbnail\" alt=\"\" loading=\"lazy\" \/><\/a>\n\t\t\t<\/dt><\/dl><br style=\"clear: both\" \/><dl class='gallery-item'>\n\t\t\t<dt class='gallery-icon portrait'>\n\t\t\t\t<a href='https:\/\/www.clairebouilhac.com\/?attachment_id=3382'><img width=\"150\" height=\"150\" src=\"https:\/\/www.clairebouilhac.com\/wp-content\/uploads\/2009\/07\/COURT-CIRCUIT-avril-13-4-150x150.jpg\" class=\"attachment-thumbnail size-thumbnail\" alt=\"\" loading=\"lazy\" \/><\/a>\n\t\t\t<\/dt><\/dl><dl class='gallery-item'>\n\t\t\t<dt class='gallery-icon portrait'>\n\t\t\t\t<a href='https:\/\/www.clairebouilhac.com\/?attachment_id=3383'><img width=\"150\" height=\"150\" src=\"https:\/\/www.clairebouilhac.com\/wp-content\/uploads\/2009\/07\/BIJORHCA-13-14-papier-150x150.jpg\" class=\"attachment-thumbnail size-thumbnail\" alt=\"\" loading=\"lazy\" \/><\/a>\n\t\t\t<\/dt><\/dl><dl class='gallery-item'>\n\t\t\t<dt class='gallery-icon portrait'>\n\t\t\t\t<a href='https:\/\/www.clairebouilhac.com\/?attachment_id=3384'><img width=\"150\" height=\"150\" src=\"https:\/\/www.clairebouilhac.com\/wp-content\/uploads\/2009\/07\/BIJORHCA-13-14-150x150.jpg\" class=\"attachment-thumbnail size-thumbnail\" alt=\"\" loading=\"lazy\" \/><\/a>\n\t\t\t<\/dt><\/dl><br style=\"clear: both\" \/><dl class='gallery-item'>\n\t\t\t<dt class='gallery-icon portrait'>\n\t\t\t\t<a href='https:\/\/www.clairebouilhac.com\/?attachment_id=3385'><img width=\"150\" height=\"150\" src=\"https:\/\/www.clairebouilhac.com\/wp-content\/uploads\/2009\/07\/flyer-DRESSY-MOOD-13-150x150.jpg\" class=\"attachment-thumbnail size-thumbnail\" alt=\"\" loading=\"lazy\" \/><\/a>\n\t\t\t<\/dt><\/dl><dl class='gallery-item'>\n\t\t\t<dt class='gallery-icon landscape'>\n\t\t\t\t<a href='https:\/\/www.clairebouilhac.com\/?attachment_id=3386'><img width=\"150\" height=\"150\" src=\"https:\/\/www.clairebouilhac.com\/wp-content\/uploads\/2009\/07\/smallIMG_7082-150x150.jpg\" class=\"attachment-thumbnail size-thumbnail\" alt=\"\" loading=\"lazy\" \/><\/a>\n\t\t\t<\/dt><\/dl><dl class='gallery-item'>\n\t\t\t<dt class='gallery-icon portrait'>\n\t\t\t\t<a href='https:\/\/www.clairebouilhac.com\/?attachment_id=3387'><img width=\"150\" height=\"150\" src=\"https:\/\/www.clairebouilhac.com\/wp-content\/uploads\/2009\/07\/LATONKI-flyer-fev-13-150x150.jpg\" class=\"attachment-thumbnail size-thumbnail\" alt=\"\" loading=\"lazy\" \/><\/a>\n\t\t\t<\/dt><\/dl><br style=\"clear: both\" \/><dl class='gallery-item'>\n\t\t\t<dt class='gallery-icon portrait'>\n\t\t\t\t<a href='https:\/\/www.clairebouilhac.com\/?attachment_id=4931'><img width=\"150\" height=\"150\" src=\"https:\/\/www.clairebouilhac.com\/wp-content\/uploads\/2009\/07\/carte-poup\u00e9e-tourne-15-def-150x150.gif\" class=\"attachment-thumbnail size-thumbnail\" alt=\"\" loading=\"lazy\" \/><\/a>\n\t\t\t<\/dt><\/dl>\n\t\t\t<br style='clear: both' \/>\n\t\t<\/div>\n\n","protected":false},"excerpt":{"rendered":"<p>\u2022 Graphisme \u2022 Bijoux de cr\u00e9atrice Identit\u00e9 visuelle de LA TONKINOISE \u00c0 PARIS, tr\u00e8s beaux bijoux pi\u00e8ces uniques et petites s\u00e9ries de la cr\u00e9atrice Chantal Manoukian. &nbsp; le site de la tonkinoise \u00e0 paris &nbsp; CLIQUEZ SUR L&rsquo;IMAGE POUR LA VOIR EN ENTIER, PUIS DE NOUVEAU POUR LA VOIR EN GRAND. &nbsp;<\/p>\n","protected":false},"author":1,"featured_media":0,"parent":0,"menu_order":5,"comment_status":"open","ping_status":"open","template":"","meta":[],"aioseo_notices":[],"_links":{"self":[{"href":"https:\/\/www.clairebouilhac.com\/index.php?rest_route=\/wp\/v2\/pages\/269"}],"collection":[{"href":"https:\/\/www.clairebouilhac.com\/index.php?rest_route=\/wp\/v2\/pages"}],"about":[{"href":"https:\/\/www.clairebouilhac.com\/index.php?rest_route=\/wp\/v2\/types\/page"}],"author":[{"embeddable":true,"href":"https:\/\/www.clairebouilhac.com\/index.php?rest_route=\/wp\/v2\/users\/1"}],"replies":[{"embeddable":true,"href":"https:\/\/www.clairebouilhac.com\/index.php?rest_route=%2Fwp%2Fv2%2Fcomments&post=269"}],"version-history":[{"count":61,"href":"https:\/\/www.clairebouilhac.com\/index.php?rest_route=\/wp\/v2\/pages\/269\/revisions"}],"predecessor-version":[{"id":4941,"href":"https:\/\/www.clairebouilhac.com\/index.php?rest_route=\/wp\/v2\/pages\/269\/revisions\/4941"}],"wp:attachment":[{"href":"https:\/\/www.clairebouilhac.com\/index.php?rest_route=%2Fwp%2Fv2%2Fmedia&parent=269"}],"curies":[{"name":"wp","href":"https:\/\/api.w.org\/{rel}","templated":true}]}}