{"id":5252,"date":"2016-07-10T12:27:21","date_gmt":"2016-07-10T10:27:21","guid":{"rendered":"http:\/\/www.clairebouilhac.com\/?page_id=5252"},"modified":"2021-12-03T10:41:13","modified_gmt":"2021-12-03T09:41:13","slug":"%e2%9c%b0-interventions-conferences","status":"publish","type":"page","link":"https:\/\/www.clairebouilhac.com\/?page_id=5252","title":{"rendered":"<STRONG>\u2730 INTERVENTIONS CONF\u00c9RENCES <\/STRONG>"},"content":{"rendered":"<hr \/>\n<p><strong>Passionn\u00e9e par mon travail d&rsquo;autrice de bande dessin\u00e9e, je propose des <em>interventions en milieu scolaire<\/em> <em>ou associatif<\/em> pour le faire mieux conna\u00eetre.<\/strong><\/p>\n<p><strong>Selon le contexte et le temps imparti, il peut s&rsquo;agir de <em>pr\u00e9sentations didactiques, comme\u00a0d&rsquo;ateliers complets<\/em> o\u00f9 les participants r\u00e9alisent des projets.<\/strong><\/p>\n<p><strong>Dans un cadre plus construit, j&rsquo;organise des <em>workshops ou des interventions adapt\u00e9es<\/em> en fonction des demandes et des besoins.<\/strong><\/p>\n<p><strong>Autour de mes projets avec Catel Muller, les \u00e9ditions DARGAUD proposent une exposition\u00a0\u201c\u2009AUTRICES &amp; H\u00c9RO\u00cfNES\u2009\u201d sur notre travail, permettant d&rsquo;accompagner les rencontres avec un projet complet.<\/strong><\/p>\n<p>\u00a0<\/p>\n<p><strong>N&rsquo;h\u00e9sitez pas \u00e0 <a href=\"mailto:diverschoses70@wanadoo.fr?subject= demande d'information pour interventions Claire Bouilhac\">me contacter <em>en cliquant ICI <\/em>pour en savoir plus.<\/a><\/strong><\/p>\n<hr \/>\n<p><iframe loading=\"lazy\" title=\"Rencontre avec Claire Bouilhac (Quinzaine de la BD au f\u00e9minin 2017)\" width=\"500\" height=\"281\" src=\"https:\/\/www.youtube.com\/embed\/sx5I8lXxNw8?feature=oembed\" frameborder=\"0\" allow=\"accelerometer; autoplay; clipboard-write; encrypted-media; gyroscope; picture-in-picture; web-share\" referrerpolicy=\"strict-origin-when-cross-origin\" allowfullscreen><\/iframe><\/p>\n<p><strong>Quelques exp\u00e9riences:<\/strong><\/p>\n<p>\u2022\u00a0<strong><a href=\"https:\/\/fblasalle.fr\/college\/rencontre-au-cdi-avec-la-dessinatrice-et-scenariste-claire-bouilhac-pour-son-adaptation-de-la-princesse-de-cleves-en-bande-dessinee\/\" target=\"_blank\" rel=\"noopener noreferrer\">Lyc\u00e9e Les Francs-Bourgeois La Salle Paris<\/a>\u00a0<\/strong>:<br \/>&#8211; Intervention en classes de premi\u00e8res autour de l&rsquo;adaptation en BD de <a href=\"https:\/\/www.clairebouilhac.com\/?page_id=4907\" target=\"_blank\" rel=\"noopener noreferrer\">la Princesse de Cl\u00e8ves<\/a>.<\/p>\n<p>\u2022\u00a0<strong><a href=\"http:\/\/www.lyc-maupassant-colombes.ac-versailles.fr\/\" target=\"_blank\" rel=\"noopener noreferrer\">Lyc\u00e9e Guy de Maupassant Colombes<\/a>\u00a0<\/strong>:<br \/>&#8211; Intervention en classes de premi\u00e8res autour de l&rsquo;adaptation en BD de <a href=\"https:\/\/www.clairebouilhac.com\/?page_id=4907\" target=\"_blank\" rel=\"noopener noreferrer\">la Princesse de Cl\u00e8ves<\/a>.<\/p>\n<p>\u2022\u00a0<strong><a href=\"http:\/\/lyceeutrillo.fr\/\" target=\"_blank\" rel=\"noopener noreferrer\">Lyc\u00e9e Marice Utrillo Stains<\/a>\u00a0<\/strong>:<br \/>&#8211; Intervention en classes de premi\u00e8res autour de l&rsquo;adaptation en BD de <a href=\"https:\/\/www.clairebouilhac.com\/?page_id=4907\" target=\"_blank\" rel=\"noopener noreferrer\">la Princesse de Cl\u00e8ves<\/a>.<\/p>\n<p>\u2022 <a href=\"https:\/\/www.clairebouilhac.com\/?p=7550\" target=\"_blank\" rel=\"noopener noreferrer\"><strong>Interventions en\u00a0Ard\u00e8che<\/strong><\/a><br \/>Ateliers \/ rencontres BD.<br \/>&#8211; L&rsquo;Argenti\u00e8re, tous niveaux, avec l&rsquo;atelier BD du CDI du <a href=\"https:\/\/collegeportalet.fr\/index.php\" target=\"_blank\" rel=\"noopener noreferrer\">coll\u00e8ge le\u00a0PORTALET.<br \/><\/a>&#8211; <a href=\"https:\/\/www.burzet.fr\/votre-commune\/education-jeunesse\/nos-ecoles\" target=\"_blank\" rel=\"noopener noreferrer\">Burzet<\/a>, classes tous niveaux maternelle et \u00e9l\u00e9mentaire ensemble.<br \/>&#8211; Lalevade, Classes de CP\/CE1, de maternelle tous niveaux, et <a href=\"https:\/\/annuaire.action-sociale.org\/?p=i-m-e--l-amitie-070780713&amp;details=caracteristiques\" target=\"_blank\" rel=\"noopener noreferrer\">IME<\/a>.<\/p>\n<p>\u2022\u00a0<a href=\"https:\/\/musee-renaissance.fr\/agenda\/evenement\/conferences-autour-de-loeuvre-la-princesse-de-cleves\" target=\"_blank\" rel=\"noopener noreferrer\"><strong>M\u00c9DIATH\u00c8QUE INTERCOMMUNALE AIM\u00c9 C\u00c9SAIRE DE VILLIERS-LE-BEL <\/strong><\/a><br \/>&#8211; conf\u00e9rence\u00a0\u00ab <strong>La Princesse de Cl\u00e8ves : du roman \u00e0 la BD<\/strong>\u00bb\u00a0avec <strong>Thierry Cr\u00e9pin-Leblond<\/strong>, conservateur g\u00e9n\u00e9ral du\u00a0patrimoine et directeur du mus\u00e9e national de la Renaissance.<\/p>\n<p>\u2022 <strong><a href=\"http:\/\/www.manteslajolie.fr\/MEDIATHEQUES\" target=\"_blank\" rel=\"noopener noreferrer\">Interventions Mantes-la-Jolie<\/a><\/strong><br \/>&#8211; Ateliers d\u00e9couverte de la BD parents\/enfants.<\/p>\n<p><strong>\u2022\u00a0<a href=\"https:\/\/lire.limoges.fr\/les-auteurs\/tous-les-auteurs\/\" target=\"_blank\" rel=\"noopener noreferrer\">SALON LIRE \u00c0 LIMOGES<\/a>.<br \/><\/strong>&#8211; Atelier BD pour enfants de 8 \u00e0 12 ans.<\/p>\n<p>\u2022 <strong>Service culturel de Darn\u00e9tal<\/strong>\u00a0:<br \/>&#8211; <a href=\"https:\/\/www.clairebouilhac.com\/?p=6528\" target=\"_blank\" rel=\"noopener noreferrer\">R\u00e9sidence BD<\/a> \u00e0 F\u00e9camp avec <a href=\"https:\/\/www.clairebouilhac.com\/?p=6561\" target=\"_blank\" rel=\"noopener noreferrer\">Catel Muller<\/a>.<br \/>&#8211; Atelier\u00a0<a href=\"http:\/\/www.leseditionsduportrait.fr\/portraits-dheroines\/\" target=\"_blank\" rel=\"noopener noreferrer\">Portraits d&rsquo;h\u00e9ro\u00efnes<\/a>.<\/p>\n<p><strong>\u2022\u00a0<a href=\"https:\/\/www.maisondelabd.com\/\" target=\"_blank\" rel=\"noopener noreferrer\">Blois, maison de la BD<\/a>\u00a0:<\/strong><br \/>&#8211; <a href=\"https:\/\/www.clairebouilhac.com\/?p=6512\" target=\"_blank\" rel=\"noopener noreferrer\">Rencontre &#8211; atelier <\/a>\u00e0 l&rsquo;occasion de <a href=\"https:\/\/www.partir-en-livre.fr\/\" target=\"_blank\" rel=\"noopener noreferrer\">PARTIR EN LIVRE<\/a>.<\/p>\n<p>\u2022\u00a0<strong><a href=\"http:\/\/www.lycee-chopin.fr\/presentation-lycee\" target=\"_blank\" rel=\"noopener noreferrer\">Lyc\u00e9e Fr\u00e9d\u00e9ric Chopin\u00a0Nancy<\/a>\u00a0<\/strong>:<br \/>&#8211; Intervention en Lyc\u00e9e autour de l&rsquo;adaptation en BD de <a href=\"https:\/\/www.clairebouilhac.com\/?page_id=4907\" target=\"_blank\" rel=\"noopener noreferrer\">la Princesse de Cl\u00e8ves<\/a>.<\/p>\n<p>\u2022\u00a0<strong>Coll\u00e8ge <a href=\"https:\/\/college-zola-la-glacerie.etab.ac-caen.fr\/spip.php?article826\" target=\"_blank\" rel=\"noopener noreferrer\">\u00c9mile Zola\u00a0de Cherbourg-en-Cotentin<\/a>\u00a0:<\/strong><br \/>&#8211;\u00a0Atelier <a href=\"http:\/\/www.leseditionsduportrait.fr\/portraits-dheroines\/\" target=\"_blank\" rel=\"noopener noreferrer\">Portraits d&rsquo;h\u00e9ro\u00efnes<\/a>,\u00a0\u00e0 l\u2019occasion du festival <a href=\"https:\/\/www.clairebouilhac.com\/?p=6300\" target=\"_blank\" rel=\"noopener noreferrer\">FEMMES DANS LA VILLE<\/a><\/p>\n<p>\u2022<strong>\u00a0<a href=\"http:\/\/www.saintcloud.fr\/poi\/ecole-elementaire-des-coteaux\" target=\"_blank\" rel=\"noopener noreferrer\">\u00c9cole des Coteaux Saint-Cloud<\/a>\u00a0:<\/strong><br \/>&#8211; Classe double niveau CM1\/CM2\u00a0: Atelier BD de\u00a06 demi-journ\u00e9es autour du programme d&rsquo;histoire.<\/p>\n<p>\u2022 <strong><a href=\"https:\/\/www.clairebouilhac.com\/?p=6267\" target=\"_blank\" rel=\"noopener noreferrer\">Biblioth\u00e8que\u00a0multim\u00e9dia de Saint-Germain-en-Laye<\/a>\u00a0:<\/strong><br \/>&#8211;\u00a0Atelier\u00a0<a href=\"http:\/\/www.leseditionsduportrait.fr\/portraits-dheroines\/\" target=\"_blank\" rel=\"noopener noreferrer\">Portraits d&rsquo;h\u00e9ro\u00efnes<\/a>, avec <strong>Rach\u00e8le Bevilacqua<\/strong>.<\/p>\n<p><strong>\u2022 <a href=\"http:\/\/lycee-armandguillaumin.fr\/index.php\" target=\"_blank\" rel=\"noopener noreferrer\">Lyc\u00e9e des m\u00e9tiers Armand Guillaumin<\/a>\u00a0:<\/strong><br \/>&#8211;\u00a0Atelier\u00a0<a href=\"http:\/\/www.leseditionsduportrait.fr\/portraits-dheroines\/\" target=\"_blank\" rel=\"noopener noreferrer\">Portraits d&rsquo;h\u00e9ro\u00efnes<\/a>, dans plusieurs classes, avec\u00a0<strong>Rach\u00e8le Bevilacqua<\/strong>.<\/p>\n<p><strong>\u2022 <a href=\"http:\/\/www.lesulis.fr\/1051\/la-mediatheque-francois-mitterrand.htm\" target=\"_blank\" rel=\"noopener noreferrer\">M\u00e9diath\u00e8que Fran\u00e7ois Miterrand les Ulis<\/a> :<\/strong><br \/>&#8211; groupes d&rsquo;enfants de 7 \u00e0 11 ans et de 12 \u00e0 16 ans : Atelier BD de trois jours.<\/p>\n<p><strong>\u2022 <a href=\"https:\/\/www.villers-bd.com\/\" target=\"_blank\" rel=\"noopener noreferrer\">Festival Villers BD<\/a> :<\/strong><br \/>&#8211;\u00a0conf\u00e9rence avec <strong>Nikita Mandryka , Serge Ernst et Za\u00fc<\/strong>, anim\u00e9e par Anne, b\u00e9n\u00e9vole de l\u2019association VillersBD.<br \/>&#8211; Intervention en Lyc\u00e9e autour de l&rsquo;adaptation en BD de <a href=\"https:\/\/www.clairebouilhac.com\/?page_id=4907\" target=\"_blank\" rel=\"noopener noreferrer\">la Princesse de Cl\u00e8ves<\/a>.<\/p>\n<p><strong>\u2022 <a href=\"https:\/\/www.livreparis.com\/fr\/Accueil\/\" target=\"_blank\" rel=\"noopener noreferrer\">Salon Livre Paris<\/a> :<\/strong><br \/>&#8211; Conf\u00e9rence anim\u00e9e par Line-Marie Gerold (CultureBD), en compagnie de\u00a0<strong>Annie Goetzinger.<\/strong><\/p>\n<p><strong>\u2022 <a href=\"http:\/\/bibliotheque.ville-saint-avertin.fr\/medias\/medias.aspx?INSTANCE=EXPLOITATION\" target=\"_blank\" rel=\"noopener noreferrer\">M\u00e9diath\u00e8que de Saint-Avertin<\/a> :<\/strong><br \/>&#8211; Rencontre\u00a0autour du travail d&rsquo;autrice de BD.<\/p>\n<p>Annonc\u00e9e sur <a href=\"https:\/\/www.francebleu.fr\/emissions\/l-invite-du-week-end\/touraine\/sylvie-supiot-directrice-adjointe-la-mediatheque-de-cange-saint-avertin-pour-la-rencontre-avec-claire-bouilhac-dans-le. Plus d\u2019informations sur https:\/\/www.francebleu.fr.\" target=\"_blank\" rel=\"noopener noreferrer\">Radio France Bleu<\/a><a href=\"https:\/\/www.francebleu.fr\/emissions\/l-invite-du-week-end\/touraine\/sylvie-supiot-directrice-adjointe-la-mediatheque-de-cange-saint-avertin-pour-la-rencontre-avec-claire-bouilhac-dans-le. Plus d\u2019informations sur https:\/\/www.francebleu.fr.\" target=\"_blank\" rel=\"noopener noreferrer\">\u00a0Indre-et-Loire, \u00e0 \u00e9couter ici.<\/a><\/p>\n<p><strong>\u2022\u00a0<a href=\"https:\/\/www.maisondelabd.com\/\" target=\"_blank\" rel=\"noopener noreferrer\">Blois, maison de la BD<\/a> :<\/strong><br \/>&#8211; Rencontre autour du travail d&rsquo;autrice de BD.<\/p>\n<p><strong>\u2022 <a href=\"http:\/\/www.musees.strasbourg.eu\/index.php?page=musee-tomi-ungerer\" target=\"_blank\" rel=\"noopener noreferrer\">Mus\u00e9e Tomi Ungerer Strasbourg<\/a> :<\/strong><br \/>&#8211; \u00ab\u00a0Le temps d&rsquo;une rencontre\u00a0\u00bb, pr\u00e9sentation de mon travail \u00e0 l&rsquo;occasion de\u00a0l\u2019exposition \u00ab <a href=\"https:\/\/www.clairebouilhac.com\/?p=5161\" target=\"_blank\" rel=\"noopener noreferrer\">Tomi Ungerer Forever. + de 85 artistes pour ses 85 ans<\/a> \u00bb<\/p>\n<p><strong>\u2022 <a href=\"https:\/\/www.clairebouilhac.com\/?p=5357\" target=\"_blank\" rel=\"noopener noreferrer\">CE SNCF<\/a> :<\/strong><br \/>&#8211; groupe d&rsquo;enfants de 7 \u00e0 12 ans : Atelier BD d&rsquo;une semaine th\u00e8me \u00ab super pouvoirs \u00bb. R\u00e9alisation d&rsquo;un facicule regroupant les travaux des \u00e9l\u00e8ves.<\/p>\n<p><strong>\u2022 <a href=\"http:\/\/www.saint-michel-des-batignolles.ensemble-scolaire-batignolles-epinettes.fr\/\" target=\"_blank\" rel=\"noopener noreferrer\">Coll\u00e8ge Saint-Michel des Batignoles Paris 17<\/a> :<\/strong><br \/>&#8211; Intervention en classe de 5\u00e8me sur l&rsquo;adaptation d&rsquo;\u0153uvres litt\u00e9raires en BD (\u00e9tude de deux adaptations de Robinson Cruso\u00e9)<\/p>\n<p><strong>\u2022\u00a0<a href=\"http:\/\/www.lycee-langevin-wallon.com\/\" target=\"_blank\" rel=\"noopener noreferrer\">L<strong>yc\u00e9e Langevin-Wallon Champigny-sur-Marne<\/strong><\/a>\u00a0:<\/strong><br \/>&#8211; Atelier de 6 s\u00e9ances \u00ab\u00a0Jeunes pour l&rsquo;\u00e9galit\u00e9\u00a0\u00bb avec <strong>Marie Moinard.<\/strong><\/p>\n<p><strong>\u2022 <a href=\"http:\/\/equipement.paris.fr\/ecole-elementaire-olivier-metra-ecole-b-369\" target=\"_blank\" rel=\"noopener noreferrer\">\u00c9coles 22 et 24 rue Olivier Metra Paris 20<\/a> :<\/strong><br \/>&#8211; Interventions en \u00e9l\u00e9mentaire.<\/p>\n<p><strong>\u2022 <a href=\"https:\/\/www.clairebouilhac.com\/?p=3077\" target=\"_blank\" rel=\"noopener noreferrer\">Festival BD Mania d&rsquo;Arnage<\/a> :<\/strong><br \/>&#8211; Interventions en \u00e9l\u00e9mentaire et coll\u00e8ge.<\/p>\n<p><strong>\u2022 <a href=\"https:\/\/www.clairebouilhac.com\/?p=5172\" target=\"_blank\" rel=\"noopener noreferrer\">Festival Carrefour europ\u00e9en du 9e art et de l&rsquo;image d&rsquo;Aubenas<\/a> :<\/strong><br \/>&#8211; Interventions en \u00e9l\u00e9mentaire, coll\u00e8ge et lyc\u00e9e.<\/p>\n<p><strong>\u2022 <a href=\"https:\/\/www.clairebouilhac.com\/?p=4469\" target=\"_blank\" rel=\"noopener noreferrer\">Erlangen institut franco-allemand<\/a> :<\/strong><br \/>&#8211; conf\u00e9rences \u00ab\u00a0H\u00e9ro\u00efnes, autrices, lectrices, les\u00a0femmes et\u00a0la BD\u00a0\u00bb.<\/p>\n<p><strong>\u2022 <a href=\"https:\/\/www.clairebouilhac.com\/?p=4496\" target=\"_blank\" rel=\"noopener noreferrer\">Erlangen lyc\u00e9e<\/a> :<\/strong><br \/>&#8211; Atelier BD th\u00e8me \u00ab\u00a0l&rsquo;\u00e9tranger\u00a0\u00bb.\u00a0R\u00e9alisation d&rsquo;un fascicule regroupant les travaux des \u00e9l\u00e8ves.<\/p>\n<p><strong>\u2022 <a href=\"http:\/\/www.e-artsup.net\/\" target=\"_blank\" rel=\"noopener noreferrer\">\u00c9cole e-artsup<\/a> :<\/strong><br \/>&#8211; workshops story-board.<\/p>\n<p><strong>\u2022 <a href=\"https:\/\/www.ecole-multimedia.com\/\" target=\"_blank\" rel=\"noopener noreferrer\">\u00c9cole Multim\u00e9dia<\/a> :<\/strong><br \/>&#8211; conf\u00e9rences sur les techniques traditionnelles du dessin anim\u00e9.<\/p>\n<hr \/>\n<p>Tarifs de <a href=\"http:\/\/la-charte.fr\/le-metier\/rencontres\/article\/la-remuneration-des-rencontres-et\" target=\"_blank\" rel=\"noopener noreferrer\">la charte des auteurs et illustrateurs jeunesse.<\/a><\/p>\n<p>\u00a0<\/p>\n<p>\u00a0<\/p>\n<p><a href=\"https:\/\/www.clairebouilhac.com\/wp-content\/uploads\/2019\/05\/IMG_2614-e1557136003346.jpg\"><img loading=\"lazy\" decoding=\"async\" class=\"alignnone size-full wp-image-7040\" src=\"https:\/\/www.clairebouilhac.com\/wp-content\/uploads\/2019\/05\/IMG_2614-e1557136003346.jpg\" alt=\"IMG_2614\" width=\"500\" height=\"375\" \/><\/a><\/p>\n<p><a href=\"https:\/\/www.clairebouilhac.com\/wp-content\/uploads\/2017\/04\/DSC00356-e1491907780406.jpg\"><img loading=\"lazy\" decoding=\"async\" class=\"alignnone size-full wp-image-5603\" src=\"https:\/\/www.clairebouilhac.com\/wp-content\/uploads\/2017\/04\/DSC00356-e1491907780406.jpg\" alt=\"DSC00356\" width=\"500\" height=\"375\" \/><\/a> <a href=\"https:\/\/www.clairebouilhac.com\/wp-content\/uploads\/2017\/04\/claire-nikita-e1491894150102.jpg\"><img loading=\"lazy\" decoding=\"async\" class=\"alignnone size-full wp-image-5599\" src=\"https:\/\/www.clairebouilhac.com\/wp-content\/uploads\/2017\/04\/claire-nikita-e1491894150102.jpg\" alt=\"claire &amp; nikita\" width=\"500\" height=\"901\" \/><\/a> <a href=\"https:\/\/www.clairebouilhac.com\/wp-content\/uploads\/2017\/04\/17457698_867344980097658_2658003874541300750_n-e1491893990510.jpg\"><img loading=\"lazy\" decoding=\"async\" class=\"alignnone size-full wp-image-5597\" src=\"https:\/\/www.clairebouilhac.com\/wp-content\/uploads\/2017\/04\/17457698_867344980097658_2658003874541300750_n-e1491893990510.jpg\" alt=\"17457698_867344980097658_2658003874541300750_n\" width=\"500\" height=\"281\" \/><\/a> <a href=\"https:\/\/www.clairebouilhac.com\/wp-content\/uploads\/2017\/04\/livre-paris-17-e1491893587118.jpg\"><img loading=\"lazy\" decoding=\"async\" class=\"alignnone size-full wp-image-5594\" src=\"https:\/\/www.clairebouilhac.com\/wp-content\/uploads\/2017\/04\/livre-paris-17-e1491893587118.jpg\" alt=\"livre paris 17\" width=\"500\" height=\"375\" \/><\/a> <a href=\"https:\/\/www.clairebouilhac.com\/wp-content\/uploads\/2017\/03\/BD-090317-maison-de-la-BD-1-e1489182359210.jpg\"><img loading=\"lazy\" decoding=\"async\" class=\"alignnone size-full wp-image-5545\" src=\"https:\/\/www.clairebouilhac.com\/wp-content\/uploads\/2017\/03\/BD-090317-maison-de-la-BD-1-e1489182359210.jpg\" alt=\"BD 090317 maison de la BD 1\" width=\"500\" height=\"375\" \/><\/a> <a href=\"https:\/\/www.clairebouilhac.com\/wp-content\/uploads\/2017\/01\/IMG_3284.jpg\"><img loading=\"lazy\" decoding=\"async\" class=\"alignnone wp-image-5503\" src=\"https:\/\/www.clairebouilhac.com\/wp-content\/uploads\/2017\/01\/IMG_3284.jpg\" alt=\"IMG_3284\" width=\"500\" height=\"667\" srcset=\"https:\/\/www.clairebouilhac.com\/wp-content\/uploads\/2017\/01\/IMG_3284.jpg 480w, https:\/\/www.clairebouilhac.com\/wp-content\/uploads\/2017\/01\/IMG_3284-225x300.jpg 225w\" sizes=\"auto, (max-width: 500px) 100vw, 500px\" \/><\/a><\/p>\n<p><a href=\"https:\/\/www.clairebouilhac.com\/wp-content\/uploads\/2015\/08\/groupe.jpg\"><img loading=\"lazy\" decoding=\"async\" class=\"alignnone size-full wp-image-4499\" src=\"https:\/\/www.clairebouilhac.com\/wp-content\/uploads\/2015\/08\/groupe.jpg\" alt=\"groupe\" width=\"500\" height=\"375\" srcset=\"https:\/\/www.clairebouilhac.com\/wp-content\/uploads\/2015\/08\/groupe.jpg 500w, https:\/\/www.clairebouilhac.com\/wp-content\/uploads\/2015\/08\/groupe-300x225.jpg 300w\" sizes=\"auto, (max-width: 500px) 100vw, 500px\" \/><\/a><\/p>\n<p><a href=\"https:\/\/www.clairebouilhac.com\/wp-content\/uploads\/2016\/06\/Ecole-Beausoleil-2-e1464898833558.jpg\"><img loading=\"lazy\" decoding=\"async\" class=\"alignnone size-large wp-image-5184\" src=\"https:\/\/www.clairebouilhac.com\/wp-content\/uploads\/2016\/06\/Ecole-Beausoleil-2-e1464898833558-768x1024.jpg\" alt=\"Ecole Beausoleil (2)\" width=\"500\" height=\"666\" srcset=\"https:\/\/www.clairebouilhac.com\/wp-content\/uploads\/2016\/06\/Ecole-Beausoleil-2-e1464898833558.jpg 768w, https:\/\/www.clairebouilhac.com\/wp-content\/uploads\/2016\/06\/Ecole-Beausoleil-2-e1464898833558-225x300.jpg 225w\" sizes=\"auto, (max-width: 500px) 100vw, 500px\" \/><\/a><\/p>\n<p><a href=\"https:\/\/www.clairebouilhac.com\/wp-content\/uploads\/2016\/06\/Ecole-Vesseaux.jpg\"><img loading=\"lazy\" decoding=\"async\" class=\"alignnone size-large wp-image-5199\" src=\"https:\/\/www.clairebouilhac.com\/wp-content\/uploads\/2016\/06\/Ecole-Vesseaux-1024x768.jpg\" alt=\"Ecole Vesseaux\" width=\"500\" height=\"375\" srcset=\"https:\/\/www.clairebouilhac.com\/wp-content\/uploads\/2016\/06\/Ecole-Vesseaux.jpg 1024w, https:\/\/www.clairebouilhac.com\/wp-content\/uploads\/2016\/06\/Ecole-Vesseaux-300x225.jpg 300w\" sizes=\"auto, (max-width: 500px) 100vw, 500px\" \/><\/a><\/p>\n\n\n<figure class=\"wp-block-image is-resized\"><img loading=\"lazy\" decoding=\"async\" src=\"https:\/\/www.clairebouilhac.com\/wp-content\/uploads\/2021\/12\/CBCDI1-1024x768.jpg\" alt=\"\" class=\"wp-image-7693\" width=\"500\" height=\"364\"\/><figcaption>Rencontre au CDI les Francs-Bourgeois La Salle Paris.<\/figcaption><\/figure>\n\n\n\n<figure class=\"wp-block-image is-resized\"><img loading=\"lazy\" decoding=\"async\" src=\"https:\/\/www.clairebouilhac.com\/wp-content\/uploads\/2021\/12\/CBCDI4-1024x768.jpg\" alt=\"\" class=\"wp-image-7695\" width=\"500\" height=\"364\"\/><\/figure>\n","protected":false},"excerpt":{"rendered":"<p>Passionn\u00e9e par mon travail d&rsquo;autrice de bande dessin\u00e9e, je propose des interventions en milieu scolaire ou associatif pour le faire mieux conna\u00eetre. Selon le contexte et le temps imparti, il peut s&rsquo;agir de pr\u00e9sentations didactiques, comme\u00a0d&rsquo;ateliers complets o\u00f9 les participants r\u00e9alisent des projets. Dans un cadre plus construit, j&rsquo;organise des workshops ou des interventions adapt\u00e9es [&hellip;]<\/p>\n","protected":false},"author":408,"featured_media":0,"parent":0,"menu_order":0,"comment_status":"open","ping_status":"open","template":"","meta":{"footnotes":""},"class_list":["post-5252","page","type-page","status-publish","hentry"],"aioseo_notices":[],"_links":{"self":[{"href":"https:\/\/www.clairebouilhac.com\/index.php?rest_route=\/wp\/v2\/pages\/5252","targetHints":{"allow":["GET"]}}],"collection":[{"href":"https:\/\/www.clairebouilhac.com\/index.php?rest_route=\/wp\/v2\/pages"}],"about":[{"href":"https:\/\/www.clairebouilhac.com\/index.php?rest_route=\/wp\/v2\/types\/page"}],"author":[{"embeddable":true,"href":"https:\/\/www.clairebouilhac.com\/index.php?rest_route=\/wp\/v2\/users\/408"}],"replies":[{"embeddable":true,"href":"https:\/\/www.clairebouilhac.com\/index.php?rest_route=%2Fwp%2Fv2%2Fcomments&post=5252"}],"version-history":[{"count":69,"href":"https:\/\/www.clairebouilhac.com\/index.php?rest_route=\/wp\/v2\/pages\/5252\/revisions"}],"predecessor-version":[{"id":7699,"href":"https:\/\/www.clairebouilhac.com\/index.php?rest_route=\/wp\/v2\/pages\/5252\/revisions\/7699"}],"wp:attachment":[{"href":"https:\/\/www.clairebouilhac.com\/index.php?rest_route=%2Fwp%2Fv2%2Fmedia&parent=5252"}],"curies":[{"name":"wp","href":"https:\/\/api.w.org\/{rel}","templated":true}]}}