{"id":6343,"date":"2018-03-25T09:49:43","date_gmt":"2018-03-25T07:49:43","guid":{"rendered":"http:\/\/www.clairebouilhac.com\/?page_id=6343"},"modified":"2018-03-25T10:12:29","modified_gmt":"2018-03-25T08:12:29","slug":"%e2%9c%b0-portraits-dheroines","status":"publish","type":"page","link":"https:\/\/www.clairebouilhac.com\/?page_id=6343","title":{"rendered":"<STRONG>\u2730 PORTRAITS D&rsquo;H\u00c9RO\u00cfNES <\/STRONG>"},"content":{"rendered":"<p>Le projet\u00a0<em><a href=\"http:\/\/www.leseditionsduportrait.fr\/portraits-dheroines\/\" target=\"_blank\">Portraits d\u2019h\u00e9ro\u00efnes<\/a><\/em><\/p>\n<p><strong>Catel Muller<\/strong> a dessin\u00e9 le cadre dans lequel\u00a0chacune et chacun est invit\u00e9 \u00e0 repr\u00e9senter son h\u00e9ro\u00efne en dessinant son portrait, choisissant une photo\u2026 et en \u00e9crivant la phrase qui caract\u00e9rise son engagement.<\/p>\n<p><strong>Cela permet d\u2019engager un dialogue autour de la condition de la femme, de sa visibilit\u00e9 et de sa place dans la soci\u00e9t\u00e9. Si l\u2019\u00e9galit\u00e9 de droit entre hommes et femmes est obtenue dans certains pays, elle n\u2019est jamais acquise.<\/strong><\/p>\n<p>Seule ou en duo avec une autre autrice, j&rsquo;accompagne les participants dans la r\u00e9alisation de leur portrait, et la r\u00e9flexion\u00a0autour du th\u00e8me.<\/p>\n<p><strong style=\"line-height: 1.5;\">Exp\u00e9riences:<\/strong><\/p>\n<p>\u2022\u00a0<a href=\"https:\/\/www.clairebouilhac.com\/?p=6308\" target=\"_blank\">Coll\u00e8ge \u00c9MILE ZOLA\u00a0Cherbourg-en-Cotentin<\/a><a href=\"http:\/\/lycee-armandguillaumin.fr\/index.php?id_menu=3\" target=\"_blank\"><br \/>\n<\/a>&#8211; Ateliers\u00a0aupr\u00e8s d&rsquo;\u00e9l\u00e8ves de 3\u00e8me et exposition de leurs travaux \u00e0 l&rsquo;occasion du festival <a href=\"https:\/\/www.clairebouilhac.com\/?p=6300\" target=\"_blank\">FEMMES DANS LA VILLE.<\/a><\/p>\n<p>\u2022 <span class=\"Apple-style-span\"><span class=\"Apple-style-span\"><a href=\"https:\/\/www.clairebouilhac.com\/?p=6267\" target=\"_blank\">Biblioth\u00e8que multim\u00e9dia de Saint-Germain-en-Laye<\/a><\/span><\/span><a href=\"http:\/\/lycee-armandguillaumin.fr\/index.php?id_menu=3\" target=\"_blank\"><br \/>\n<\/a>&#8211; Atelier\u00a0avec\u00a0<a href=\"http:\/\/www.rachelebevilacqua.com\/\" target=\"_blank\">Rach\u00e8le Bevilacqua.<\/a><\/p>\n<p>\u2022 <a href=\"http:\/\/lycee-armandguillaumin.fr\/index.php?id_menu=3\" target=\"_blank\">Lyc\u00e9e des m\u00e9tiers Armand Guillaumin<br \/>\n<\/a>&#8211; Ateliers\u00a0avec\u00a0<a href=\"http:\/\/www.rachelebevilacqua.com\/\" target=\"_blank\">Rach\u00e8le Bevilacqua<\/a>.<\/p>\n<p><a href=\"https:\/\/www.clairebouilhac.com\/wp-content\/uploads\/2018\/02\/20180210_153421-e1519137353559.jpg\"><img loading=\"lazy\" decoding=\"async\" class=\"alignnone size-full wp-image-6269\" src=\"https:\/\/www.clairebouilhac.com\/wp-content\/uploads\/2018\/02\/20180210_153421-e1519137353559.jpg\" alt=\"20180210_153421\" width=\"500\" height=\"889\" \/><\/a> <a href=\"https:\/\/www.clairebouilhac.com\/wp-content\/uploads\/2018\/02\/20180210_154806-e1519137386157.jpg\"><img loading=\"lazy\" decoding=\"async\" class=\"alignnone size-full wp-image-6270\" src=\"https:\/\/www.clairebouilhac.com\/wp-content\/uploads\/2018\/02\/20180210_154806-e1519137386157.jpg\" alt=\"20180210_154806\" width=\"500\" height=\"281\" \/><\/a> <a href=\"https:\/\/www.clairebouilhac.com\/wp-content\/uploads\/2018\/02\/27752254_10155500210592809_88087390801878398_n-e1519137409664.jpg\"><img loading=\"lazy\" decoding=\"async\" class=\"alignnone size-full wp-image-6271\" src=\"https:\/\/www.clairebouilhac.com\/wp-content\/uploads\/2018\/02\/27752254_10155500210592809_88087390801878398_n-e1519137409664.jpg\" alt=\"27752254_10155500210592809_88087390801878398_n\" width=\"500\" height=\"281\" \/><\/a> <a href=\"https:\/\/www.clairebouilhac.com\/wp-content\/uploads\/2018\/02\/27858238_10155505193362809_1841258410290766894_n-e1519137421964.jpg\"><img loading=\"lazy\" decoding=\"async\" class=\"alignnone size-full wp-image-6272\" src=\"https:\/\/www.clairebouilhac.com\/wp-content\/uploads\/2018\/02\/27858238_10155505193362809_1841258410290766894_n-e1519137421964.jpg\" alt=\"27858238_10155505193362809_1841258410290766894_n\" width=\"500\" height=\"375\" \/><\/a> <a href=\"https:\/\/www.clairebouilhac.com\/wp-content\/uploads\/2018\/02\/27858921_10155500210582809_5189460086619661907_n-e1519137431244.jpg\"><img loading=\"lazy\" decoding=\"async\" class=\"alignnone size-full wp-image-6273\" src=\"https:\/\/www.clairebouilhac.com\/wp-content\/uploads\/2018\/02\/27858921_10155500210582809_5189460086619661907_n-e1519137431244.jpg\" alt=\"27858921_10155500210582809_5189460086619661907_n\" width=\"500\" height=\"281\" \/><\/a> <a href=\"https:\/\/www.clairebouilhac.com\/wp-content\/uploads\/2018\/02\/27973795_10155505193397809_2051722240876899032_n-e1519137470683.jpg\"><img loading=\"lazy\" decoding=\"async\" class=\"alignnone size-full wp-image-6275\" src=\"https:\/\/www.clairebouilhac.com\/wp-content\/uploads\/2018\/02\/27973795_10155505193397809_2051722240876899032_n-e1519137470683.jpg\" alt=\"27973795_10155505193397809_2051722240876899032_n\" width=\"500\" height=\"375\" \/><\/a> <a href=\"https:\/\/www.clairebouilhac.com\/wp-content\/uploads\/2018\/02\/28058376_10155500210587809_6028389483178459685_n-e1519137483573.jpg\"><img loading=\"lazy\" decoding=\"async\" class=\"alignnone size-full wp-image-6276\" src=\"https:\/\/www.clairebouilhac.com\/wp-content\/uploads\/2018\/02\/28058376_10155500210587809_6028389483178459685_n-e1519137483573.jpg\" alt=\"28058376_10155500210587809_6028389483178459685_n\" width=\"500\" height=\"281\" \/><\/a> <a href=\"https:\/\/www.clairebouilhac.com\/wp-content\/uploads\/2018\/02\/IMG_5933-e1519137496559.jpg\"><img loading=\"lazy\" decoding=\"async\" class=\"alignnone size-full wp-image-6277\" src=\"https:\/\/www.clairebouilhac.com\/wp-content\/uploads\/2018\/02\/IMG_5933-e1519137496559.jpg\" alt=\"IMG_5933\" width=\"500\" height=\"375\" \/><\/a> <a href=\"https:\/\/www.clairebouilhac.com\/wp-content\/uploads\/2018\/03\/IMG_2018-e1521923894356.jpg\"><img loading=\"lazy\" decoding=\"async\" class=\"alignnone size-full wp-image-6314\" src=\"https:\/\/www.clairebouilhac.com\/wp-content\/uploads\/2018\/03\/IMG_2018-e1521923894356.jpg\" alt=\"IMG_2018\" width=\"500\" height=\"667\" \/><\/a> <a href=\"https:\/\/www.clairebouilhac.com\/wp-content\/uploads\/2018\/03\/IMG_2988-e1521923906455.jpg\"><img loading=\"lazy\" decoding=\"async\" class=\"alignnone size-full wp-image-6315\" src=\"https:\/\/www.clairebouilhac.com\/wp-content\/uploads\/2018\/03\/IMG_2988-e1521923906455.jpg\" alt=\"IMG_2988\" width=\"500\" height=\"667\" \/><\/a> <a href=\"https:\/\/www.clairebouilhac.com\/wp-content\/uploads\/2018\/03\/IMG_2022-e1521924016365.jpg\"><img loading=\"lazy\" decoding=\"async\" class=\"alignnone size-full wp-image-6316\" src=\"https:\/\/www.clairebouilhac.com\/wp-content\/uploads\/2018\/03\/IMG_2022-e1521924016365.jpg\" alt=\"IMG_2022\" width=\"500\" height=\"667\" \/><\/a> <a href=\"https:\/\/www.clairebouilhac.com\/wp-content\/uploads\/2018\/03\/IMG_2023-e1521924028805.jpg\"><img loading=\"lazy\" decoding=\"async\" class=\"alignnone size-full wp-image-6317\" src=\"https:\/\/www.clairebouilhac.com\/wp-content\/uploads\/2018\/03\/IMG_2023-e1521924028805.jpg\" alt=\"IMG_2023\" width=\"500\" height=\"375\" \/><\/a> <a href=\"https:\/\/www.clairebouilhac.com\/wp-content\/uploads\/2018\/03\/IMG_2017-e1521923883695.jpg\"><img loading=\"lazy\" decoding=\"async\" class=\"alignnone size-full wp-image-6313\" src=\"https:\/\/www.clairebouilhac.com\/wp-content\/uploads\/2018\/03\/IMG_2017-e1521923883695.jpg\" alt=\"IMG_2017\" width=\"500\" height=\"667\" \/><\/a> <a href=\"https:\/\/www.clairebouilhac.com\/wp-content\/uploads\/2018\/03\/IMG_2025-e1521924048631.jpg\"><img loading=\"lazy\" decoding=\"async\" class=\"alignnone size-full wp-image-6319\" src=\"https:\/\/www.clairebouilhac.com\/wp-content\/uploads\/2018\/03\/IMG_2025-e1521924048631.jpg\" alt=\"IMG_2025\" width=\"500\" height=\"667\" \/><\/a> <a href=\"https:\/\/www.clairebouilhac.com\/wp-content\/uploads\/2018\/03\/IMG_2024-e1521924038328.jpg\"><img loading=\"lazy\" decoding=\"async\" class=\"alignnone size-full wp-image-6318\" src=\"https:\/\/www.clairebouilhac.com\/wp-content\/uploads\/2018\/03\/IMG_2024-e1521924038328.jpg\" alt=\"IMG_2024\" width=\"500\" height=\"375\" \/><\/a> <a href=\"https:\/\/www.clairebouilhac.com\/wp-content\/uploads\/2018\/03\/IMG_2012-e1521925391707.jpg\"><img loading=\"lazy\" decoding=\"async\" class=\"alignnone size-full wp-image-6333\" src=\"https:\/\/www.clairebouilhac.com\/wp-content\/uploads\/2018\/03\/IMG_2012-e1521925391707.jpg\" alt=\"IMG_2012\" width=\"500\" height=\"667\" \/><\/a> <a href=\"https:\/\/www.clairebouilhac.com\/wp-content\/uploads\/2018\/03\/IMG_2013-e1521925403334.jpg\"><img loading=\"lazy\" decoding=\"async\" class=\"alignnone size-full wp-image-6334\" src=\"https:\/\/www.clairebouilhac.com\/wp-content\/uploads\/2018\/03\/IMG_2013-e1521925403334.jpg\" alt=\"IMG_2013\" width=\"500\" height=\"667\" \/><\/a> <a href=\"https:\/\/www.clairebouilhac.com\/wp-content\/uploads\/2018\/03\/IMG_2011-e1521925381204.jpg\"><img loading=\"lazy\" decoding=\"async\" class=\"alignnone size-full wp-image-6332\" src=\"https:\/\/www.clairebouilhac.com\/wp-content\/uploads\/2018\/03\/IMG_2011-e1521925381204.jpg\" alt=\"IMG_2011\" width=\"500\" height=\"375\" \/><\/a> <a href=\"https:\/\/www.clairebouilhac.com\/wp-content\/uploads\/2018\/03\/IMG_2016-e1521925430421.jpg\"><img loading=\"lazy\" decoding=\"async\" class=\"alignnone size-full wp-image-6337\" src=\"https:\/\/www.clairebouilhac.com\/wp-content\/uploads\/2018\/03\/IMG_2016-e1521925430421.jpg\" alt=\"IMG_2016\" width=\"500\" height=\"667\" \/><\/a> <a href=\"https:\/\/www.clairebouilhac.com\/wp-content\/uploads\/2018\/03\/IMG_2015-e1521925422419.jpg\"><img loading=\"lazy\" decoding=\"async\" class=\"alignnone size-full wp-image-6336\" src=\"https:\/\/www.clairebouilhac.com\/wp-content\/uploads\/2018\/03\/IMG_2015-e1521925422419.jpg\" alt=\"IMG_2015\" width=\"500\" height=\"667\" \/><\/a> <a href=\"https:\/\/www.clairebouilhac.com\/wp-content\/uploads\/2018\/03\/IMG_2014-e1521925413933.jpg\"><img loading=\"lazy\" decoding=\"async\" class=\"alignnone size-full wp-image-6335\" src=\"https:\/\/www.clairebouilhac.com\/wp-content\/uploads\/2018\/03\/IMG_2014-e1521925413933.jpg\" alt=\"IMG_2014\" width=\"500\" height=\"667\" \/><\/a><\/p>\n<p>&nbsp;<\/p>\n<p>Une exposition autour des h\u00e9ro\u00efnes de Catel Muller &amp; Jos\u00e9-Louis Bocquet (Kiki de Montparnasse, Olympe de Gouges, Beno\u00eete Groult, Jos\u00e9phine Baker) peut \u00eatre\u00a0propos\u00e9e par l&rsquo;\u00e9diteur pour accompagner ce projet.<\/p>\n<p><a href=\"https:\/\/www.clairebouilhac.com\/wp-content\/uploads\/2018\/03\/IMG_0029-e1521923579316.jpg\"><img loading=\"lazy\" decoding=\"async\" class=\"alignnone size-full wp-image-6311\" src=\"https:\/\/www.clairebouilhac.com\/wp-content\/uploads\/2018\/03\/IMG_0029-e1521923579316.jpg\" alt=\"IMG_0029\" width=\"500\" height=\"667\" \/><\/a> <a href=\"https:\/\/www.clairebouilhac.com\/wp-content\/uploads\/2018\/03\/IMG_0030-e1521923602121.jpg\"><img loading=\"lazy\" decoding=\"async\" class=\"alignnone size-full wp-image-6312\" src=\"https:\/\/www.clairebouilhac.com\/wp-content\/uploads\/2018\/03\/IMG_0030-e1521923602121.jpg\" alt=\"IMG_0030\" width=\"500\" height=\"667\" \/><\/a> <a href=\"https:\/\/www.clairebouilhac.com\/wp-content\/uploads\/2018\/03\/IMG_0028-e1521923536918.jpg\"><img loading=\"lazy\" decoding=\"async\" class=\"alignnone size-full wp-image-6310\" src=\"https:\/\/www.clairebouilhac.com\/wp-content\/uploads\/2018\/03\/IMG_0028-e1521923536918.jpg\" alt=\"IMG_0028\" width=\"500\" height=\"667\" \/><\/a><\/p>\n","protected":false},"excerpt":{"rendered":"<p>Le projet\u00a0Portraits d\u2019h\u00e9ro\u00efnes Catel Muller a dessin\u00e9 le cadre dans lequel\u00a0chacune et chacun est invit\u00e9 \u00e0 repr\u00e9senter son h\u00e9ro\u00efne en dessinant son portrait, choisissant une photo\u2026 et en \u00e9crivant la phrase qui caract\u00e9rise son engagement. Cela permet d\u2019engager un dialogue autour de la condition de la femme, de sa visibilit\u00e9 et de sa place dans [&hellip;]<\/p>\n","protected":false},"author":408,"featured_media":0,"parent":0,"menu_order":0,"comment_status":"open","ping_status":"open","template":"","meta":{"footnotes":""},"class_list":["post-6343","page","type-page","status-publish","hentry"],"aioseo_notices":[],"_links":{"self":[{"href":"https:\/\/www.clairebouilhac.com\/index.php?rest_route=\/wp\/v2\/pages\/6343","targetHints":{"allow":["GET"]}}],"collection":[{"href":"https:\/\/www.clairebouilhac.com\/index.php?rest_route=\/wp\/v2\/pages"}],"about":[{"href":"https:\/\/www.clairebouilhac.com\/index.php?rest_route=\/wp\/v2\/types\/page"}],"author":[{"embeddable":true,"href":"https:\/\/www.clairebouilhac.com\/index.php?rest_route=\/wp\/v2\/users\/408"}],"replies":[{"embeddable":true,"href":"https:\/\/www.clairebouilhac.com\/index.php?rest_route=%2Fwp%2Fv2%2Fcomments&post=6343"}],"version-history":[{"count":11,"href":"https:\/\/www.clairebouilhac.com\/index.php?rest_route=\/wp\/v2\/pages\/6343\/revisions"}],"predecessor-version":[{"id":6357,"href":"https:\/\/www.clairebouilhac.com\/index.php?rest_route=\/wp\/v2\/pages\/6343\/revisions\/6357"}],"wp:attachment":[{"href":"https:\/\/www.clairebouilhac.com\/index.php?rest_route=%2Fwp%2Fv2%2Fmedia&parent=6343"}],"curies":[{"name":"wp","href":"https:\/\/api.w.org\/{rel}","templated":true}]}}