{"id":70,"date":"2009-04-08T14:20:30","date_gmt":"2009-04-08T13:20:30","guid":{"rendered":"http:\/\/www.clairebouilhac.com\/?page_id=70"},"modified":"2012-03-13T14:41:40","modified_gmt":"2012-03-13T13:41:40","slug":"melody-bondage","status":"publish","type":"page","link":"https:\/\/www.clairebouilhac.com\/?page_id=70","title":{"rendered":"&#8211; Melody Bondage (Fluide glacial)"},"content":{"rendered":"<p><strong>\u2022 Bande dessin\u00e9e \u2022<\/strong><\/p>\n<p>Album aux \u00e9ditions FLUIDE GLACIAL<br \/>\nSc\u00e9nario de Jake RAYNAL.<\/p>\n<p>Attention, Enfin, dans la galaxie des h\u00e9ros fluidiens, une femme qui n&rsquo;est ni dans les ordres ni du 3\u00e8me \u00e2ge. Le major Melody Bondage du SAS (Speed Agression Surprise) est une femme de choc. Car dans Bondage il y a Bond, une filiation qui ne peut nier cet agent au service de Sa Majest\u00e9, en lutte contre les pires vilains de la guerre froide. Mais dans Bondage, il y a aussi cuir, et Melody n&rsquo;est jamais aussi attachante que lorsqu&rsquo;elle est ligot\u00e9e, c&rsquo;est-\u00e0-dire dans chacune de ses aventures. Pourtant, m\u00eame attach\u00e9e elle n&rsquo;est pas soumise, sachant remettre \u00e0 leur place les machos qu&rsquo;elle croise dans son combat contre le mal.<\/p>\n<p>CLIQUEZ SUR L&rsquo;IMAGE POUR LA VOIR EN ENTIER,<br \/>\nPUIS DE NOUVEAU POUR LA VOIR EN GRAND.<\/p>\n\n\t\t<style type=\"text\/css\">\n\t\t\t#gallery-1 {\n\t\t\t\tmargin: auto;\n\t\t\t}\n\t\t\t#gallery-1 .gallery-item {\n\t\t\t\tfloat: left;\n\t\t\t\tmargin-top: 10px;\n\t\t\t\ttext-align: center;\n\t\t\t\twidth: 33%;\n\t\t\t}\n\t\t\t#gallery-1 img {\n\t\t\t\tborder: 2px solid #cfcfcf;\n\t\t\t}\n\t\t\t#gallery-1 .gallery-caption {\n\t\t\t\tmargin-left: 0;\n\t\t\t}\n\t\t\t\/* see gallery_shortcode() in wp-includes\/media.php *\/\n\t\t<\/style>\n\t\t<div id='gallery-1' class='gallery galleryid-70 gallery-columns-3 gallery-size-thumbnail'><dl class='gallery-item'>\n\t\t\t<dt class='gallery-icon portrait'>\n\t\t\t\t<a href='https:\/\/www.clairebouilhac.com\/?attachment_id=216'><img width=\"150\" height=\"150\" src=\"https:\/\/www.clairebouilhac.com\/wp-content\/uploads\/2009\/04\/bagarre-150x150.jpg\" class=\"attachment-thumbnail size-thumbnail\" alt=\"\" loading=\"lazy\" \/><\/a>\n\t\t\t<\/dt><\/dl><dl class='gallery-item'>\n\t\t\t<dt class='gallery-icon portrait'>\n\t\t\t\t<a href='https:\/\/www.clairebouilhac.com\/?attachment_id=207'><img width=\"150\" height=\"150\" src=\"https:\/\/www.clairebouilhac.com\/wp-content\/uploads\/2009\/04\/bombe1-150x150.jpg\" class=\"attachment-thumbnail size-thumbnail\" alt=\"\" loading=\"lazy\" \/><\/a>\n\t\t\t<\/dt><\/dl><dl class='gallery-item'>\n\t\t\t<dt class='gallery-icon portrait'>\n\t\t\t\t<a href='https:\/\/www.clairebouilhac.com\/?attachment_id=218'><img width=\"150\" height=\"150\" src=\"https:\/\/www.clairebouilhac.com\/wp-content\/uploads\/2009\/04\/bombes-150x150.jpg\" class=\"attachment-thumbnail size-thumbnail\" alt=\"\" loading=\"lazy\" \/><\/a>\n\t\t\t<\/dt><\/dl><br style=\"clear: both\" \/><dl class='gallery-item'>\n\t\t\t<dt class='gallery-icon portrait'>\n\t\t\t\t<a href='https:\/\/www.clairebouilhac.com\/?attachment_id=222'><img width=\"150\" height=\"150\" src=\"https:\/\/www.clairebouilhac.com\/wp-content\/uploads\/2009\/04\/cowboy-150x150.jpg\" class=\"attachment-thumbnail size-thumbnail\" alt=\"\" loading=\"lazy\" \/><\/a>\n\t\t\t<\/dt><\/dl><dl class='gallery-item'>\n\t\t\t<dt class='gallery-icon portrait'>\n\t\t\t\t<a href='https:\/\/www.clairebouilhac.com\/?attachment_id=226'><img width=\"150\" height=\"150\" src=\"https:\/\/www.clairebouilhac.com\/wp-content\/uploads\/2009\/04\/evasion-150x150.jpg\" class=\"attachment-thumbnail size-thumbnail\" alt=\"\" loading=\"lazy\" \/><\/a>\n\t\t\t<\/dt><\/dl><dl class='gallery-item'>\n\t\t\t<dt class='gallery-icon portrait'>\n\t\t\t\t<a href='https:\/\/www.clairebouilhac.com\/?attachment_id=221'><img width=\"150\" height=\"150\" src=\"https:\/\/www.clairebouilhac.com\/wp-content\/uploads\/2009\/04\/free-150x150.jpg\" class=\"attachment-thumbnail size-thumbnail\" alt=\"\" loading=\"lazy\" \/><\/a>\n\t\t\t<\/dt><\/dl><br style=\"clear: both\" \/><dl class='gallery-item'>\n\t\t\t<dt class='gallery-icon landscape'>\n\t\t\t\t<a href='https:\/\/www.clairebouilhac.com\/?attachment_id=535'><img width=\"150\" height=\"150\" src=\"https:\/\/www.clairebouilhac.com\/wp-content\/uploads\/2009\/04\/MB-KKK-150x150.jpg\" class=\"attachment-thumbnail size-thumbnail\" alt=\"\" loading=\"lazy\" \/><\/a>\n\t\t\t<\/dt><\/dl><dl class='gallery-item'>\n\t\t\t<dt class='gallery-icon portrait'>\n\t\t\t\t<a href='https:\/\/www.clairebouilhac.com\/?attachment_id=1657'><img width=\"150\" height=\"150\" src=\"https:\/\/www.clairebouilhac.com\/wp-content\/uploads\/2010\/11\/MB26-p1-COUL-72-150x150.jpg\" class=\"attachment-thumbnail size-thumbnail\" alt=\"\" loading=\"lazy\" \/><\/a>\n\t\t\t<\/dt><\/dl><dl class='gallery-item'>\n\t\t\t<dt class='gallery-icon portrait'>\n\t\t\t\t<a href='https:\/\/www.clairebouilhac.com\/?attachment_id=1662'><img width=\"150\" height=\"150\" src=\"https:\/\/www.clairebouilhac.com\/wp-content\/uploads\/2010\/11\/MB26-p2-COUL-72-150x150.jpg\" class=\"attachment-thumbnail size-thumbnail\" alt=\"\" loading=\"lazy\" \/><\/a>\n\t\t\t<\/dt><\/dl><br style=\"clear: both\" \/><dl class='gallery-item'>\n\t\t\t<dt class='gallery-icon portrait'>\n\t\t\t\t<a href='https:\/\/www.clairebouilhac.com\/?attachment_id=1664'><img width=\"150\" height=\"150\" src=\"https:\/\/www.clairebouilhac.com\/wp-content\/uploads\/2010\/11\/MB26-p3-COUL-72-150x150.jpg\" class=\"attachment-thumbnail size-thumbnail\" alt=\"\" loading=\"lazy\" \/><\/a>\n\t\t\t<\/dt><\/dl><dl class='gallery-item'>\n\t\t\t<dt class='gallery-icon portrait'>\n\t\t\t\t<a href='https:\/\/www.clairebouilhac.com\/?attachment_id=1658'><img width=\"150\" height=\"150\" src=\"https:\/\/www.clairebouilhac.com\/wp-content\/uploads\/2010\/11\/MB26-p4-COUL-72-150x150.jpg\" class=\"attachment-thumbnail size-thumbnail\" alt=\"\" loading=\"lazy\" \/><\/a>\n\t\t\t<\/dt><\/dl><dl class='gallery-item'>\n\t\t\t<dt class='gallery-icon portrait'>\n\t\t\t\t<a href='https:\/\/www.clairebouilhac.com\/?attachment_id=1659'><img width=\"150\" height=\"150\" src=\"https:\/\/www.clairebouilhac.com\/wp-content\/uploads\/2010\/11\/MB26-p5-COUL-72-150x150.jpg\" class=\"attachment-thumbnail size-thumbnail\" alt=\"\" loading=\"lazy\" \/><\/a>\n\t\t\t<\/dt><\/dl><br style=\"clear: both\" \/><dl class='gallery-item'>\n\t\t\t<dt class='gallery-icon portrait'>\n\t\t\t\t<a href='https:\/\/www.clairebouilhac.com\/?attachment_id=1660'><img width=\"150\" height=\"150\" src=\"https:\/\/www.clairebouilhac.com\/wp-content\/uploads\/2010\/11\/MB26-p6-COUL-72-150x150.jpg\" class=\"attachment-thumbnail size-thumbnail\" alt=\"\" loading=\"lazy\" \/><\/a>\n\t\t\t<\/dt><\/dl><dl class='gallery-item'>\n\t\t\t<dt class='gallery-icon portrait'>\n\t\t\t\t<a href='https:\/\/www.clairebouilhac.com\/?attachment_id=1663'><img width=\"150\" height=\"150\" src=\"https:\/\/www.clairebouilhac.com\/wp-content\/uploads\/2010\/11\/MB26-p7-COUL-72-150x150.jpg\" class=\"attachment-thumbnail size-thumbnail\" alt=\"\" loading=\"lazy\" \/><\/a>\n\t\t\t<\/dt><\/dl><dl class='gallery-item'>\n\t\t\t<dt class='gallery-icon portrait'>\n\t\t\t\t<a href='https:\/\/www.clairebouilhac.com\/?attachment_id=1661'><img width=\"150\" height=\"150\" src=\"https:\/\/www.clairebouilhac.com\/wp-content\/uploads\/2010\/11\/MB26-p8-COUL-72-150x150.jpg\" class=\"attachment-thumbnail size-thumbnail\" alt=\"\" loading=\"lazy\" \/><\/a>\n\t\t\t<\/dt><\/dl><br style=\"clear: both\" \/><dl class='gallery-item'>\n\t\t\t<dt class='gallery-icon portrait'>\n\t\t\t\t<a href='https:\/\/www.clairebouilhac.com\/?attachment_id=224'><img width=\"150\" height=\"150\" src=\"https:\/\/www.clairebouilhac.com\/wp-content\/uploads\/2009\/04\/militaire-150x150.jpg\" class=\"attachment-thumbnail size-thumbnail\" alt=\"\" loading=\"lazy\" \/><\/a>\n\t\t\t<\/dt><\/dl><dl class='gallery-item'>\n\t\t\t<dt class='gallery-icon portrait'>\n\t\t\t\t<a href='https:\/\/www.clairebouilhac.com\/?attachment_id=228'><img width=\"150\" height=\"150\" src=\"https:\/\/www.clairebouilhac.com\/wp-content\/uploads\/2009\/04\/plage-1-150x150.jpg\" class=\"attachment-thumbnail size-thumbnail\" alt=\"\" loading=\"lazy\" \/><\/a>\n\t\t\t<\/dt><\/dl><dl class='gallery-item'>\n\t\t\t<dt class='gallery-icon portrait'>\n\t\t\t\t<a href='https:\/\/www.clairebouilhac.com\/?attachment_id=227'><img width=\"150\" height=\"150\" src=\"https:\/\/www.clairebouilhac.com\/wp-content\/uploads\/2009\/04\/plage-2-150x150.jpg\" class=\"attachment-thumbnail size-thumbnail\" alt=\"\" loading=\"lazy\" \/><\/a>\n\t\t\t<\/dt><\/dl><br style=\"clear: both\" \/><dl class='gallery-item'>\n\t\t\t<dt class='gallery-icon portrait'>\n\t\t\t\t<a href='https:\/\/www.clairebouilhac.com\/?attachment_id=219'><img width=\"150\" height=\"150\" src=\"https:\/\/www.clairebouilhac.com\/wp-content\/uploads\/2009\/04\/reverence-150x150.jpg\" class=\"attachment-thumbnail size-thumbnail\" alt=\"\" loading=\"lazy\" \/><\/a>\n\t\t\t<\/dt><\/dl><dl class='gallery-item'>\n\t\t\t<dt class='gallery-icon portrait'>\n\t\t\t\t<a href='https:\/\/www.clairebouilhac.com\/?attachment_id=220'><img width=\"150\" height=\"150\" src=\"https:\/\/www.clairebouilhac.com\/wp-content\/uploads\/2009\/04\/robot-150x150.jpg\" class=\"attachment-thumbnail size-thumbnail\" alt=\"\" loading=\"lazy\" \/><\/a>\n\t\t\t<\/dt><\/dl><dl class='gallery-item'>\n\t\t\t<dt class='gallery-icon portrait'>\n\t\t\t\t<a href='https:\/\/www.clairebouilhac.com\/?attachment_id=225'><img width=\"150\" height=\"150\" src=\"https:\/\/www.clairebouilhac.com\/wp-content\/uploads\/2009\/04\/school-150x150.jpg\" class=\"attachment-thumbnail size-thumbnail\" alt=\"\" loading=\"lazy\" \/><\/a>\n\t\t\t<\/dt><\/dl><br style=\"clear: both\" \/><dl class='gallery-item'>\n\t\t\t<dt class='gallery-icon portrait'>\n\t\t\t\t<a href='https:\/\/www.clairebouilhac.com\/?attachment_id=229'><img width=\"150\" height=\"150\" src=\"https:\/\/www.clairebouilhac.com\/wp-content\/uploads\/2009\/04\/soiree-150x150.jpg\" class=\"attachment-thumbnail size-thumbnail\" alt=\"\" loading=\"lazy\" \/><\/a>\n\t\t\t<\/dt><\/dl><dl class='gallery-item'>\n\t\t\t<dt class='gallery-icon portrait'>\n\t\t\t\t<a href='https:\/\/www.clairebouilhac.com\/?attachment_id=230'><img width=\"150\" height=\"150\" src=\"https:\/\/www.clairebouilhac.com\/wp-content\/uploads\/2009\/04\/tiffany1-150x150.jpg\" class=\"attachment-thumbnail size-thumbnail\" alt=\"\" loading=\"lazy\" \/><\/a>\n\t\t\t<\/dt><\/dl><dl class='gallery-item'>\n\t\t\t<dt class='gallery-icon portrait'>\n\t\t\t\t<a href='https:\/\/www.clairebouilhac.com\/?attachment_id=223'><img width=\"150\" height=\"150\" src=\"https:\/\/www.clairebouilhac.com\/wp-content\/uploads\/2009\/04\/vs-lady-boa-150x150.jpg\" class=\"attachment-thumbnail size-thumbnail\" alt=\"\" loading=\"lazy\" \/><\/a>\n\t\t\t<\/dt><\/dl><br style=\"clear: both\" \/>\n\t\t<\/div>\n\n","protected":false},"excerpt":{"rendered":"<p>\u2022 Bande dessin\u00e9e \u2022 Album aux \u00e9ditions FLUIDE GLACIAL Sc\u00e9nario de Jake RAYNAL. Attention, Enfin, dans la galaxie des h\u00e9ros fluidiens, une femme qui n&rsquo;est ni dans les ordres ni du 3\u00e8me \u00e2ge. Le major Melody Bondage du SAS (Speed Agression Surprise) est une femme de choc. Car dans Bondage il y a Bond, une [&hellip;]<\/p>\n","protected":false},"author":1,"featured_media":0,"parent":1851,"menu_order":1,"comment_status":"open","ping_status":"open","template":"","meta":[],"aioseo_notices":[],"_links":{"self":[{"href":"https:\/\/www.clairebouilhac.com\/index.php?rest_route=\/wp\/v2\/pages\/70"}],"collection":[{"href":"https:\/\/www.clairebouilhac.com\/index.php?rest_route=\/wp\/v2\/pages"}],"about":[{"href":"https:\/\/www.clairebouilhac.com\/index.php?rest_route=\/wp\/v2\/types\/page"}],"author":[{"embeddable":true,"href":"https:\/\/www.clairebouilhac.com\/index.php?rest_route=\/wp\/v2\/users\/1"}],"replies":[{"embeddable":true,"href":"https:\/\/www.clairebouilhac.com\/index.php?rest_route=%2Fwp%2Fv2%2Fcomments&post=70"}],"version-history":[{"count":62,"href":"https:\/\/www.clairebouilhac.com\/index.php?rest_route=\/wp\/v2\/pages\/70\/revisions"}],"predecessor-version":[{"id":2773,"href":"https:\/\/www.clairebouilhac.com\/index.php?rest_route=\/wp\/v2\/pages\/70\/revisions\/2773"}],"up":[{"embeddable":true,"href":"https:\/\/www.clairebouilhac.com\/index.php?rest_route=\/wp\/v2\/pages\/1851"}],"wp:attachment":[{"href":"https:\/\/www.clairebouilhac.com\/index.php?rest_route=%2Fwp%2Fv2%2Fmedia&parent=70"}],"curies":[{"name":"wp","href":"https:\/\/api.w.org\/{rel}","templated":true}]}}