{"id":7244,"date":"2019-09-08T11:10:41","date_gmt":"2019-09-08T09:10:41","guid":{"rendered":"http:\/\/www.clairebouilhac.com\/?page_id=7244"},"modified":"2023-12-12T20:08:45","modified_gmt":"2023-12-12T19:08:45","slug":"indiana","status":"publish","type":"page","link":"https:\/\/www.clairebouilhac.com\/?page_id=7244","title":{"rendered":"\u2022 INDIANA"},"content":{"rendered":"<p style=\"text-align: center;\"><a href=\"https:\/\/www.clairebouilhac.com\/wp-content\/uploads\/2019\/09\/INDI-perso-1-COUL-e1567933709604.jpg\"><img loading=\"lazy\" class=\"alignnone size-full wp-image-7245\" src=\"https:\/\/www.clairebouilhac.com\/wp-content\/uploads\/2019\/09\/INDI-perso-1-COUL-e1567933709604.jpg\" alt=\"INDI perso 1 COUL\" width=\"500\" height=\"246\"><br \/>\n<\/a><em>Premi\u00e8res recherches.<\/em><\/p>\n<p>Apr\u00e8s<b> La princesse de Cl\u00e8ves, Claire Bouilhac et Catel Muller <\/b>continuent d&rsquo;explorer les classiques de la litt\u00e9rature.<br \/>\nC&rsquo;est cette fois <strong>INDIANA, de GEORGE SAND, <\/strong>que les deux autrices ont d\u00e9cid\u00e9 d&rsquo;adapter. Il s&rsquo;agit du premier ouvrage que <strong>Sand<\/strong> r\u00e9dige seule, et publie sous son pseudonyme. Elle affirme d\u00e8s lors son approche f\u00e9ministe :<\/p>\n<p><em>\u00ab&nbsp;J\u2019ai \u00e9crit Indiana avec le sentiment non raisonn\u00e9, mais profond et l\u00e9gitime, de l\u2019injustice et de la barbarie des lois qui r\u00e9gissent encore l\u2019existence de la femme dans le mariage, dans la famille et dans la soci\u00e9t\u00e9.&nbsp;\u00bb<\/em><\/p>\n<p><a href=\"https:\/\/www.clairebouilhac.com\/wp-content\/uploads\/2019\/09\/danse-indi-e1599159744232.jpg\"><img loading=\"lazy\" class=\"alignnone wp-image-7519 size-full\" src=\"https:\/\/www.clairebouilhac.com\/wp-content\/uploads\/2019\/09\/danse-indi-e1599159744232.jpg\" alt=\"danse indi\" width=\"500\" height=\"235\"><\/a><\/p>\n<p>Le roman conna\u00eet un grand succ\u00e8s \u00e0 sa sortie. Mais le fait qu&rsquo;il soit \u00e9crit par une femme mis au jour, et les attaques vues contre le mariage, voire la chr\u00e9tient\u00e9, provoquent le scandale. Ce qu&rsquo;a toujours fait George Sand, qui s&rsquo;habille en homme, ose fumer, a des amants\u2026<\/p>\n<p><b><\/b>La d\u00e9licate adaptation sc\u00e9naristique est&nbsp;r\u00e9alis\u00e9e \u00e0 quatre mains par <strong>Claire Bouilhac<\/strong>&nbsp;et <strong>Catel Muller.<\/strong><br \/>\nFid\u00e8les \u00e0 leur concept de mise en ab\u00eeme, les deux autrices&nbsp;racontent l&rsquo;histoire de l&rsquo;h\u00e9ro\u00efne, mais \u00e9voquent&nbsp;aussi celle de l&rsquo;\u00e9crivaine,&nbsp;les rapprochements et les parall\u00e8les entre elles.<\/p>\n<p>Comme pour leurs pr\u00e9c\u00e9dents albums, chacune a dessin\u00e9 une partie de l\u2019ouvrage. Leurs deux graphismes se cotoient avec assez de nuances pour ne pas se confondre, sans heurter la lecture.<\/p>\n<p><a href=\"https:\/\/www.clairebouilhac.com\/wp-content\/uploads\/2019\/09\/mort-de-Noun-coul-e1587594732944.jpg\"><img loading=\"lazy\" class=\" size-full wp-image-7424 aligncenter\" src=\"https:\/\/www.clairebouilhac.com\/wp-content\/uploads\/2019\/09\/mort-de-Noun-coul-e1587594732944.jpg\" alt=\"mort de Noun coul\" width=\"500\" height=\"601\"><\/a><\/p>\n<p><strong>Claire Bouilhac<\/strong>&nbsp;dessine l\u2019histoire <strong>d&rsquo;Indiana<\/strong>.<\/p>\n<p><a href=\"https:\/\/www.clairebouilhac.com\/wp-content\/uploads\/2019\/09\/indi-profil-coul-e1587633907278.jpg\"><img loading=\"lazy\" class=\" size-full wp-image-7429 aligncenter\" src=\"https:\/\/www.clairebouilhac.com\/wp-content\/uploads\/2019\/09\/indi-profil-coul-e1587633907278.jpg\" alt=\"indi profil coul\" width=\"500\" height=\"549\"><\/a><\/p>\n<p><strong>Catel Muller&nbsp;<\/strong>r\u00e9alise les illustrations d\u2019un prologue et d\u2019un \u00e9pilogue compl\u00e9mentaires sur <strong>George Sand<\/strong>.<\/p>\n<p><a href=\"https:\/\/www.clairebouilhac.com\/wp-content\/uploads\/2019\/09\/GS-rouge-portrait.jpg\"><img loading=\"lazy\" class=\" size-full wp-image-7426 aligncenter\" src=\"https:\/\/www.clairebouilhac.com\/wp-content\/uploads\/2019\/09\/GS-rouge-portrait.jpg\" alt=\"GS rouge portrait\" width=\"500\" height=\"688\" srcset=\"https:\/\/www.clairebouilhac.com\/wp-content\/uploads\/2019\/09\/GS-rouge-portrait.jpg 500w, https:\/\/www.clairebouilhac.com\/wp-content\/uploads\/2019\/09\/GS-rouge-portrait-218x300.jpg 218w\" sizes=\"(max-width: 500px) 100vw, 500px\" \/><\/a><\/p>\n<p>Un livre aux \u00e9ditions <a href=\"https:\/\/www.dargaud.com\/bd\/Auteurs\/Bouilhac-Claire\" target=\"_blank\" rel=\"noopener\">DARGAUD<\/a>.<\/p>\n","protected":false},"excerpt":{"rendered":"<p>Premi\u00e8res recherches. Apr\u00e8s La princesse de Cl\u00e8ves, Claire Bouilhac et Catel Muller continuent d&rsquo;explorer les classiques de la litt\u00e9rature. C&rsquo;est cette fois INDIANA, de GEORGE SAND, que les deux autrices ont d\u00e9cid\u00e9 d&rsquo;adapter. Il s&rsquo;agit du premier ouvrage que Sand r\u00e9dige seule, et publie sous son pseudonyme. Elle affirme d\u00e8s lors son approche f\u00e9ministe : [&hellip;]<\/p>\n","protected":false},"author":408,"featured_media":0,"parent":0,"menu_order":0,"comment_status":"open","ping_status":"closed","template":"","meta":[],"aioseo_notices":[],"_links":{"self":[{"href":"https:\/\/www.clairebouilhac.com\/index.php?rest_route=\/wp\/v2\/pages\/7244"}],"collection":[{"href":"https:\/\/www.clairebouilhac.com\/index.php?rest_route=\/wp\/v2\/pages"}],"about":[{"href":"https:\/\/www.clairebouilhac.com\/index.php?rest_route=\/wp\/v2\/types\/page"}],"author":[{"embeddable":true,"href":"https:\/\/www.clairebouilhac.com\/index.php?rest_route=\/wp\/v2\/users\/408"}],"replies":[{"embeddable":true,"href":"https:\/\/www.clairebouilhac.com\/index.php?rest_route=%2Fwp%2Fv2%2Fcomments&post=7244"}],"version-history":[{"count":11,"href":"https:\/\/www.clairebouilhac.com\/index.php?rest_route=\/wp\/v2\/pages\/7244\/revisions"}],"predecessor-version":[{"id":7768,"href":"https:\/\/www.clairebouilhac.com\/index.php?rest_route=\/wp\/v2\/pages\/7244\/revisions\/7768"}],"wp:attachment":[{"href":"https:\/\/www.clairebouilhac.com\/index.php?rest_route=%2Fwp%2Fv2%2Fmedia&parent=7244"}],"curies":[{"name":"wp","href":"https:\/\/api.w.org\/{rel}","templated":true}]}}