{"id":827,"date":"2010-03-01T18:55:04","date_gmt":"2010-03-01T16:55:04","guid":{"rendered":"http:\/\/www.clairebouilhac.com\/?page_id=827"},"modified":"2011-03-14T20:50:07","modified_gmt":"2011-03-14T18:50:07","slug":"9-%e2%80%a2-bidouille-poucette","status":"publish","type":"page","link":"https:\/\/www.clairebouilhac.com\/?page_id=827","title":{"rendered":"\u2022 Bidouille &#038; Poucette"},"content":{"rendered":"<p><strong>\u2022 Graphisme \u2022<\/strong><\/p>\n<p>tee-shirts \u00e0 personnaliser pour enf<\/p>\n<p>Identit\u00e9 visuelle de BIDOUILLE &#038; POUCETTE,<br \/>\nv\u00eatements illustr\u00e9s et personnalis\u00e9s.<br \/>\nCr\u00e9ations des personnages g\u00e9n\u00e9riques.<br \/>\nConception visuelle du site.<br \/>\nCharte graphique.<br \/>\nMotifs de tee shirts.<br \/>\n<a href=\"http:\/\/www.bidouillepoucette.com\/\" target=\"_blank\"><br \/>\nle site de Bidouille &#038; Poucette<\/a><\/p>\n<p>CLIQUEZ SUR L&rsquo;IMAGE POUR LA VOIR EN ENTIER,<br \/>\nPUIS DE NOUVEAU POUR LA VOIR EN GRAND.<\/p>\n\n\t\t<style type=\"text\/css\">\n\t\t\t#gallery-1 {\n\t\t\t\tmargin: auto;\n\t\t\t}\n\t\t\t#gallery-1 .gallery-item {\n\t\t\t\tfloat: left;\n\t\t\t\tmargin-top: 10px;\n\t\t\t\ttext-align: center;\n\t\t\t\twidth: 33%;\n\t\t\t}\n\t\t\t#gallery-1 img {\n\t\t\t\tborder: 2px solid #cfcfcf;\n\t\t\t}\n\t\t\t#gallery-1 .gallery-caption {\n\t\t\t\tmargin-left: 0;\n\t\t\t}\n\t\t\t\/* see gallery_shortcode() in wp-includes\/media.php *\/\n\t\t<\/style>\n\t\t<div id='gallery-1' class='gallery galleryid-827 gallery-columns-3 gallery-size-thumbnail'><dl class='gallery-item'>\n\t\t\t<dt class='gallery-icon portrait'>\n\t\t\t\t<a href='https:\/\/www.clairebouilhac.com\/?attachment_id=904'><img loading=\"lazy\" decoding=\"async\" width=\"150\" height=\"150\" src=\"https:\/\/www.clairebouilhac.com\/wp-content\/uploads\/2010\/03\/artistes-150x150.jpg\" class=\"attachment-thumbnail size-thumbnail\" alt=\"\" \/><\/a>\n\t\t\t<\/dt><\/dl><dl class='gallery-item'>\n\t\t\t<dt class='gallery-icon portrait'>\n\t\t\t\t<a href='https:\/\/www.clairebouilhac.com\/?attachment_id=905'><img loading=\"lazy\" decoding=\"async\" width=\"150\" height=\"150\" src=\"https:\/\/www.clairebouilhac.com\/wp-content\/uploads\/2010\/03\/dinos-150x150.jpg\" class=\"attachment-thumbnail size-thumbnail\" alt=\"\" \/><\/a>\n\t\t\t<\/dt><\/dl><dl class='gallery-item'>\n\t\t\t<dt class='gallery-icon portrait'>\n\t\t\t\t<a href='https:\/\/www.clairebouilhac.com\/?attachment_id=906'><img loading=\"lazy\" decoding=\"async\" width=\"150\" height=\"150\" src=\"https:\/\/www.clairebouilhac.com\/wp-content\/uploads\/2010\/03\/concept-150x150.jpg\" class=\"attachment-thumbnail size-thumbnail\" alt=\"\" \/><\/a>\n\t\t\t<\/dt><\/dl><br style=\"clear: both\" \/><dl class='gallery-item'>\n\t\t\t<dt class='gallery-icon portrait'>\n\t\t\t\t<a href='https:\/\/www.clairebouilhac.com\/?attachment_id=907'><img loading=\"lazy\" decoding=\"async\" width=\"150\" height=\"150\" src=\"https:\/\/www.clairebouilhac.com\/wp-content\/uploads\/2010\/03\/araign\u00e9es-150x150.jpg\" class=\"attachment-thumbnail size-thumbnail\" alt=\"\" \/><\/a>\n\t\t\t<\/dt><\/dl><dl class='gallery-item'>\n\t\t\t<dt class='gallery-icon portrait'>\n\t\t\t\t<a href='https:\/\/www.clairebouilhac.com\/?attachment_id=908'><img loading=\"lazy\" decoding=\"async\" width=\"150\" height=\"150\" src=\"https:\/\/www.clairebouilhac.com\/wp-content\/uploads\/2010\/03\/mots-histoire-150x150.jpg\" class=\"attachment-thumbnail size-thumbnail\" alt=\"\" \/><\/a>\n\t\t\t<\/dt><\/dl><dl class='gallery-item'>\n\t\t\t<dt class='gallery-icon portrait'>\n\t\t\t\t<a href='https:\/\/www.clairebouilhac.com\/?attachment_id=909'><img loading=\"lazy\" decoding=\"async\" width=\"150\" height=\"150\" src=\"https:\/\/www.clairebouilhac.com\/wp-content\/uploads\/2010\/03\/logo-150x150.jpg\" class=\"attachment-thumbnail size-thumbnail\" alt=\"\" \/><\/a>\n\t\t\t<\/dt><\/dl><br style=\"clear: both\" \/><dl class='gallery-item'>\n\t\t\t<dt class='gallery-icon portrait'>\n\t\t\t\t<a href='https:\/\/www.clairebouilhac.com\/?attachment_id=910'><img loading=\"lazy\" decoding=\"async\" width=\"150\" height=\"150\" src=\"https:\/\/www.clairebouilhac.com\/wp-content\/uploads\/2010\/03\/boutique-150x150.jpg\" class=\"attachment-thumbnail size-thumbnail\" alt=\"\" \/><\/a>\n\t\t\t<\/dt><\/dl><dl class='gallery-item'>\n\t\t\t<dt class='gallery-icon landscape'>\n\t\t\t\t<a href='https:\/\/www.clairebouilhac.com\/?attachment_id=911'><img loading=\"lazy\" decoding=\"async\" width=\"150\" height=\"150\" src=\"https:\/\/www.clairebouilhac.com\/wp-content\/uploads\/2010\/03\/forum-150x150.jpg\" class=\"attachment-thumbnail size-thumbnail\" alt=\"\" \/><\/a>\n\t\t\t<\/dt><\/dl><dl class='gallery-item'>\n\t\t\t<dt class='gallery-icon portrait'>\n\t\t\t\t<a href='https:\/\/www.clairebouilhac.com\/?attachment_id=912'><img loading=\"lazy\" decoding=\"async\" width=\"150\" height=\"150\" src=\"https:\/\/www.clairebouilhac.com\/wp-content\/uploads\/2010\/03\/etiquettes-150x150.jpg\" class=\"attachment-thumbnail size-thumbnail\" alt=\"\" \/><\/a>\n\t\t\t<\/dt><\/dl><br style=\"clear: both\" \/><dl class='gallery-item'>\n\t\t\t<dt class='gallery-icon portrait'>\n\t\t\t\t<a href='https:\/\/www.clairebouilhac.com\/?attachment_id=1182'><img loading=\"lazy\" decoding=\"async\" width=\"150\" height=\"150\" src=\"https:\/\/www.clairebouilhac.com\/wp-content\/uploads\/2010\/03\/comme-s\u0153ur-150x150.jpg\" class=\"attachment-thumbnail size-thumbnail\" alt=\"\" \/><\/a>\n\t\t\t<\/dt><\/dl><dl class='gallery-item'>\n\t\t\t<dt class='gallery-icon portrait'>\n\t\t\t\t<a href='https:\/\/www.clairebouilhac.com\/?attachment_id=1183'><img loading=\"lazy\" decoding=\"async\" width=\"150\" height=\"150\" src=\"https:\/\/www.clairebouilhac.com\/wp-content\/uploads\/2010\/03\/comme-fr\u00e8re-150x150.jpg\" class=\"attachment-thumbnail size-thumbnail\" alt=\"\" \/><\/a>\n\t\t\t<\/dt><\/dl>\n\t\t\t<br style='clear: both' \/>\n\t\t<\/div>\n\n","protected":false},"excerpt":{"rendered":"<p>\u2022 Graphisme \u2022 tee-shirts \u00e0 personnaliser pour enf Identit\u00e9 visuelle de BIDOUILLE &#038; POUCETTE, v\u00eatements illustr\u00e9s et personnalis\u00e9s. Cr\u00e9ations des personnages g\u00e9n\u00e9riques. Conception visuelle du site. Charte graphique. Motifs de tee shirts. le site de Bidouille &#038; Poucette CLIQUEZ SUR L&rsquo;IMAGE POUR LA VOIR EN ENTIER, PUIS DE NOUVEAU POUR LA VOIR EN GRAND.<\/p>\n","protected":false},"author":1,"featured_media":0,"parent":0,"menu_order":0,"comment_status":"open","ping_status":"open","template":"","meta":{"footnotes":""},"class_list":["post-827","page","type-page","status-publish","hentry"],"aioseo_notices":[],"_links":{"self":[{"href":"https:\/\/www.clairebouilhac.com\/index.php?rest_route=\/wp\/v2\/pages\/827","targetHints":{"allow":["GET"]}}],"collection":[{"href":"https:\/\/www.clairebouilhac.com\/index.php?rest_route=\/wp\/v2\/pages"}],"about":[{"href":"https:\/\/www.clairebouilhac.com\/index.php?rest_route=\/wp\/v2\/types\/page"}],"author":[{"embeddable":true,"href":"https:\/\/www.clairebouilhac.com\/index.php?rest_route=\/wp\/v2\/users\/1"}],"replies":[{"embeddable":true,"href":"https:\/\/www.clairebouilhac.com\/index.php?rest_route=%2Fwp%2Fv2%2Fcomments&post=827"}],"version-history":[{"count":21,"href":"https:\/\/www.clairebouilhac.com\/index.php?rest_route=\/wp\/v2\/pages\/827\/revisions"}],"predecessor-version":[{"id":2149,"href":"https:\/\/www.clairebouilhac.com\/index.php?rest_route=\/wp\/v2\/pages\/827\/revisions\/2149"}],"wp:attachment":[{"href":"https:\/\/www.clairebouilhac.com\/index.php?rest_route=%2Fwp%2Fv2%2Fmedia&parent=827"}],"curies":[{"name":"wp","href":"https:\/\/api.w.org\/{rel}","templated":true}]}}